{"id":2845,"date":"2019-08-31T15:47:57","date_gmt":"2019-08-31T13:47:57","guid":{"rendered":"https:\/\/www.leggingbay.com\/privacy-notice\/"},"modified":"2019-08-31T20:19:02","modified_gmt":"2019-08-31T18:19:02","slug":"politique-de-confidentialite","status":"publish","type":"page","link":"https:\/\/www.leggingbay.com\/fr\/politique-de-confidentialite\/","title":{"rendered":"Politique de confidentialit\u00e9"},"content":{"rendered":"\n<style type=\"text\/css\" data-created_by=\"avia_inline_auto\" id=\"style-css-av-jzzlqgh0-3343504dd2dd9586208f326a3570b113\">\n.avia-section.av-jzzlqgh0-3343504dd2dd9586208f326a3570b113{\nbackground-color:#ffffff;\nbackground-image:unset;\n}\n<\/style>\n<div id='av_section_1'  class='avia-section av-jzzlqgh0-3343504dd2dd9586208f326a3570b113 main_color avia-section-default avia-no-border-styling  avia-builder-el-0  avia-builder-el-no-sibling  avia-bg-style-scroll container_wrap sidebar_right'  ><div class='container av-section-cont-open' ><main  role=\"main\" itemprop=\"mainContentOfPage\"  class='template-page content  av-content-small alpha units'><div class='post-entry post-entry-type-page post-entry-2845'><div class='entry-content-wrapper clearfix'>\n\n<style type=\"text\/css\" data-created_by=\"avia_inline_auto\" id=\"style-css-av-jzzlrwmx-b16c2636ceea6256d2992f354d34fcaf\">\n.flex_column.av-jzzlrwmx-b16c2636ceea6256d2992f354d34fcaf{\nborder-radius:0px 0px 0px 0px;\npadding:0 0 0 0;\n}\n<\/style>\n<div  class='flex_column av-jzzlrwmx-b16c2636ceea6256d2992f354d34fcaf av_one_full  avia-builder-el-1  el_before_av_one_half  avia-builder-el-first  first flex_column_div av-zero-column-padding  '     ><p>\n<style type=\"text\/css\" data-created_by=\"avia_inline_auto\" id=\"style-css-av-95umr6-af61fb1981ac88f6c3b0dc95ba2ccbc5\">\n#top .av-special-heading.av-95umr6-af61fb1981ac88f6c3b0dc95ba2ccbc5{\npadding-bottom:10px;\n}\nbody .av-special-heading.av-95umr6-af61fb1981ac88f6c3b0dc95ba2ccbc5 .av-special-heading-tag .heading-char{\nfont-size:25px;\n}\n.av-special-heading.av-95umr6-af61fb1981ac88f6c3b0dc95ba2ccbc5 .av-subheading{\nfont-size:15px;\n}\n<\/style>\n<div  class='av-special-heading av-95umr6-af61fb1981ac88f6c3b0dc95ba2ccbc5 av-special-heading-h1 blockquote modern-quote  avia-builder-el-2  el_before_av_textblock  avia-builder-el-first '><h1 class='av-special-heading-tag '  itemprop=\"headline\"  >Politique de confidentialit\u00e9<\/h1><div class=\"special-heading-border\"><div class=\"special-heading-inner-border\"><\/div><\/div><\/div><br \/>\n<section  class='av_textblock_section av-315136-40adf04e4f3b91628e83287ea5318152 '   itemscope=\"itemscope\" itemtype=\"https:\/\/schema.org\/CreativeWork\" ><div class='avia_textblock'  itemprop=\"text\" ><p>La s\u00e9curit\u00e9 de vos donn\u00e9es est prise tr\u00e8s au s\u00e9rieux. Nous avons mis en place des proc\u00e9dures pour prot\u00e9ger vos informations et votre vie priv\u00e9e dans nos directives. Notre serveur dispose de plusieurs dispositifs techniques de s\u00e9curit\u00e9 (SSL&#8230;) pour assurer une protection efficace des donn\u00e9es.<\/p>\n<h2>Quelles donn\u00e9es recueillons-nous ?<\/h2>\n<p>Nous ne recueillons que les donn\u00e9es que vous nous fournissez par l&rsquo;interm\u00e9diaire de notre site Web, de notre formulaire de contact par courriel et de tout autre moyen de communication que vous pouvez utiliser. En visitant notre site, vous consentez \u00e0 la collecte et \u00e0 l&rsquo;utilisation de vos renseignements personnels.<br \/>\nNous pouvons \u00eatre amen\u00e9s \u00e0 collecter les donn\u00e9es personnelles suivantes vous concernant :<\/p>\n<ul>\n<li>Vos coordonn\u00e9es telles que votre nom, votre adresse (y compris les adresses de facturation et de livraison), votre num\u00e9ro de t\u00e9l\u00e9phone (y compris le num\u00e9ro de t\u00e9l\u00e9phone mobile) et votre adresse e-mail.<\/li>\n<li>D\u00e9tails des donn\u00e9es financi\u00e8res et transactionnelles, y compris les achats, les commandes, les retours et les remboursements.<\/li>\n<li>Activit\u00e9s de navigation en ligne sur notre site Web, y compris les articles que vous stockez dans votre panier d&rsquo;achat.<\/li>\n<li>Pr\u00e9f\u00e9rences de communication et de marketing. Int\u00e9r\u00eats, pr\u00e9f\u00e9rences, r\u00e9troaction et r\u00e9ponses au sondage<\/li>\n<li>Correspondance et communications avec nous, y compris les plaintes, all\u00e9gations, diff\u00e9rends et r\u00e9clamations.<\/li>\n<li>Autres donn\u00e9es personnelles accessibles au public, y compris les donn\u00e9es que vous avez partag\u00e9es via une plate-forme publique (comme LinkedIn, Instagram, YouTube, Twitter ou une page publique Facebook).<\/li>\n<li>Vid\u00e9os, photographies et enregistrements audio que vous ou d&rsquo;autres personnes prenez et nous fournissez ou que nous prenons nous-m\u00eames.<\/li>\n<li>Informations d&rsquo;abonnement, par exemple lorsque vous vous abonnez \u00e0 notre newsletter ou \u00e0 d&rsquo;autres m\u00e9dias.<\/li>\n<\/ul>\n<p>Nous n&rsquo;utiliserons pas vos renseignements personnels identifiables \u00e0 des fins de vente, d&rsquo;\u00e9change ou de transfert, sauf pour des partenaires publicitaires. Lorsque vous naviguez sur Legging Bay, des cookies publicitaires peuvent \u00eatre plac\u00e9s sur votre ordinateur afin que nous puissions mieux comprendre les int\u00e9r\u00eats et les besoins de nos clients et leur fournir de meilleurs produits et exp\u00e9riences d&rsquo;achat.<\/p>\n<\/div><\/section><\/p><\/div>\n<style type=\"text\/css\" data-created_by=\"avia_inline_auto\" id=\"style-css-av-jzzlrwmx-b16c2636ceea6256d2992f354d34fcaf\">\n.flex_column.av-jzzlrwmx-b16c2636ceea6256d2992f354d34fcaf{\nborder-radius:0px 0px 0px 0px;\npadding:0 0 0 0;\n}\n<\/style>\n<div  class='flex_column av-jzzlrwmx-b16c2636ceea6256d2992f354d34fcaf av_one_half  avia-builder-el-4  el_after_av_one_full  el_before_av_one_half  first flex_column_div av-zero-column-padding  column-top-margin'     ><section  class='av_textblock_section av-315136-40adf04e4f3b91628e83287ea5318152 '   itemscope=\"itemscope\" itemtype=\"https:\/\/schema.org\/CreativeWork\" ><div class='avia_textblock'  itemprop=\"text\" ><p>Conform\u00e9ment \u00e0 la r\u00e9glementation g\u00e9n\u00e9rale sur la protection des donn\u00e9es (RGD), le droit de limiter le traitement de vos donn\u00e9es vous permet de mettre en pause l&rsquo;utilisation de vos donn\u00e9es. Ce droit s&rsquo;applique dans les cas suivants :<\/p>\n<ul>\n<li>Si vos donn\u00e9es ne sont pas exactes<\/li>\n<li>Si le traitement de vos donn\u00e9es est illicite mais que vous ne souhaitez pas que nous les supprimions<\/li>\n<li>Si les donn\u00e9es fournies ne sont plus n\u00e9cessaires mais que vous souhaitez que nous puissions les stocker et les produire en justice<\/li>\n<li>Si vous souhaitez vous opposer au traitement de vos donn\u00e9es<\/li>\n<\/ul>\n<p>Si vous rencontrez l&rsquo;une de ces configurations, veuillez nous contacter via le formulaire ci-dessous.<\/p>\n<p>Conform\u00e9ment au R\u00e8glement g\u00e9n\u00e9ral sur la protection des donn\u00e9es (RGPD), toute personne physique qui peut prouver son identit\u00e9 peut demander la suppression de ses donn\u00e9es personnelles. Ainsi, dans le cadre de la suppression de vos donn\u00e9es, votre compte client n&rsquo;existera plus, vous ne pourrez plus b\u00e9n\u00e9ficier des avantages que vous auriez pu acqu\u00e9rir, et vous n&rsquo;aurez plus acc\u00e8s \u00e0 l&rsquo;historique de vos commandes.<\/p>\n<p>Si vous souhaitez exercer votre droit \u00e0 l&rsquo;oubli, veuillez nous contacter via le formulaire ci-dessous.<\/p>\n<p>Conform\u00e9ment \u00e0 la r\u00e9glementation g\u00e9n\u00e9rale sur la protection des donn\u00e9es (GDR), le droit \u00e0 la portabilit\u00e9 des informations vous offre la possibilit\u00e9 de r\u00e9cup\u00e9rer les donn\u00e9es que vous nous avez fournies. Si vous souhaitez exercer votre droit \u00e0 la portabilit\u00e9, veuillez nous contacter via le formulaire ci-dessous.<\/p>\n<\/div><\/section><\/div>\n<style type=\"text\/css\" data-created_by=\"avia_inline_auto\" id=\"style-css-av-jzzlrwmx-4998e0298fe5c8e5e0ed46952af35659\">\n.flex_column.av-jzzlrwmx-4998e0298fe5c8e5e0ed46952af35659{\nborder-radius:0px 0px 0px 0px;\npadding:0 0 0 0;\n}\n<\/style>\n<div  class='flex_column av-jzzlrwmx-4998e0298fe5c8e5e0ed46952af35659 av_one_half  avia-builder-el-6  el_after_av_one_half  el_before_av_one_full  flex_column_div av-zero-column-padding  column-top-margin'     ><form action=\"https:\/\/www.leggingbay.com\/fr\/politique-de-confidentialite\/\" method=\"post\" data-fields-with-error=\"Erreurs trouv\u00e9es dans les champs suivants :\" class=\"avia_ajax_form av-form-labels-visible   avia-builder-el-7  avia-builder-el-no-sibling   \" data-avia-form-id=\"1\" data-avia-redirect='' ><h3 class=''>Envoyer un mail<\/h3><fieldset><p class='  first_form  form_element form_fullwidth' id='element_avia_1_1'><label for=\"avia_1_1\">Nom <abbr class=\"required\" title=\"requis(e)\">*<\/abbr><\/label> <input name=\"avia_1_1\" class=\"text_input is_empty\" type=\"text\" id=\"avia_1_1\" value=\"\" \/><\/p><p class='  first_form  form_element form_fullwidth' id='element_avia_2_1'><label for=\"avia_2_1\">E-Mail <abbr class=\"required\" title=\"requis(e)\">*<\/abbr><\/label> <input name=\"avia_2_1\" class=\"text_input is_email\" type=\"text\" id=\"avia_2_1\" value=\"\" \/><\/p><p class='  first_form  form_element form_fullwidth' id='element_avia_3_1'><label for=\"avia_3_1\">Sujet <abbr class=\"required\" title=\"requis(e)\">*<\/abbr><\/label><select  name=\"avia_3_1\" class=\"select is_empty\" id=\"avia_3_1\"><option   value='Data Correction'>Data Correction<\/option><option   value='Data Deletion'>Data Deletion<\/option><option   value='Account Deletion'>Account Deletion<\/option><\/select><\/p><p class='  first_form  form_element form_fullwidth av-last-visible-form-element' id='element_avia_4_1'><label for=\"avia_4_1\" class=\"textare_label hidden textare_label_avia_4_1\">Message <abbr class=\"required\" title=\"requis(e)\">*<\/abbr><\/label><textarea  name=\"avia_4_1\" class=\"text_area is_empty\" cols=\"40\" rows=\"7\" id=\"avia_4_1\" ><\/textarea><\/p><p class=\"hidden\"><input type=\"text\" name=\"avia_5_1\" class=\"hidden \" id=\"avia_5_1\" value=\"\" \/><\/p><p class=\"form_element \"><input type=\"hidden\" value=\"1\" name=\"avia_generated_form1\" \/><input type=\"submit\" value=\"Envoyer\" class=\"button\"  data-sending-label=\"Envoi\"\/><\/p><\/fieldset><\/form><div id=\"ajaxresponse_1\" class=\"ajaxresponse ajaxresponse_1 hidden\"><\/div><\/div>\n<style type=\"text\/css\" data-created_by=\"avia_inline_auto\" id=\"style-css-av-jzzlrwmx-b16c2636ceea6256d2992f354d34fcaf\">\n.flex_column.av-jzzlrwmx-b16c2636ceea6256d2992f354d34fcaf{\nborder-radius:0px 0px 0px 0px;\npadding:0 0 0 0;\n}\n<\/style>\n<div  class='flex_column av-jzzlrwmx-b16c2636ceea6256d2992f354d34fcaf av_one_full  avia-builder-el-8  el_after_av_one_half  avia-builder-el-last  first flex_column_div av-zero-column-padding  column-top-margin'     ><section  class='av_textblock_section av-315136-40adf04e4f3b91628e83287ea5318152 '   itemscope=\"itemscope\" itemtype=\"https:\/\/schema.org\/CreativeWork\" ><div class='avia_textblock'  itemprop=\"text\" ><h2>Que se passe-t-il lorsque nous modifions notre politique de confidentialit\u00e9 ?<\/h2>\n<p>En utilisant ce site, vous acceptez les termes et conditions \u00e9nonc\u00e9s dans cette politique de confidentialit\u00e9. Nous pouvons modifier ou mettre \u00e0 jour cet avis de temps \u00e0 autre. Si nous pensons que les modifications sont importantes, nous vous en informerons en publiant les modifications sur ou via les Services, en vous envoyant un e-mail ou un message concernant les modifications et\/ou en publiant une mise \u00e0 jour dans les notes de mise \u00e0 jour sur la plate-forme Application.<\/p>\n<p>Derni\u00e8re r\u00e9vision : 08\/2019<\/p>\n<\/div><\/section><\/div><\/div><\/div><\/main><!-- close content main element --><\/div><\/div><div id='after_section_1'  class='main_color av_default_container_wrap container_wrap sidebar_right'  ><div class='container av-section-cont-open' ><div class='template-page content  av-content-small alpha units'><div class='post-entry post-entry-type-page post-entry-2845'><div class='entry-content-wrapper clearfix'>\n","protected":false},"excerpt":{"rendered":"","protected":false},"author":1,"featured_media":0,"parent":0,"menu_order":0,"comment_status":"closed","ping_status":"closed","template":"","meta":{"footnotes":""},"class_list":["post-2845","page","type-page","status-publish","hentry"],"_links":{"self":[{"href":"https:\/\/www.leggingbay.com\/fr\/wp-json\/wp\/v2\/pages\/2845","targetHints":{"allow":["GET"]}}],"collection":[{"href":"https:\/\/www.leggingbay.com\/fr\/wp-json\/wp\/v2\/pages"}],"about":[{"href":"https:\/\/www.leggingbay.com\/fr\/wp-json\/wp\/v2\/types\/page"}],"author":[{"embeddable":true,"href":"https:\/\/www.leggingbay.com\/fr\/wp-json\/wp\/v2\/users\/1"}],"replies":[{"embeddable":true,"href":"https:\/\/www.leggingbay.com\/fr\/wp-json\/wp\/v2\/comments?post=2845"}],"version-history":[{"count":3,"href":"https:\/\/www.leggingbay.com\/fr\/wp-json\/wp\/v2\/pages\/2845\/revisions"}],"predecessor-version":[{"id":9973,"href":"https:\/\/www.leggingbay.com\/fr\/wp-json\/wp\/v2\/pages\/2845\/revisions\/9973"}],"wp:attachment":[{"href":"https:\/\/www.leggingbay.com\/fr\/wp-json\/wp\/v2\/media?parent=2845"}],"curies":[{"name":"wp","href":"https:\/\/api.w.org\/{rel}","templated":true}]}}