{"id":2872,"date":"2019-08-31T17:45:12","date_gmt":"2019-08-31T15:45:12","guid":{"rendered":"https:\/\/www.leggingbay.com\/?page_id=2872"},"modified":"2019-08-31T17:53:37","modified_gmt":"2019-08-31T15:53:37","slug":"politique-des-cookies","status":"publish","type":"page","link":"https:\/\/www.leggingbay.com\/fr\/politique-des-cookies\/","title":{"rendered":"Politique des Cookies"},"content":{"rendered":"\n<style type=\"text\/css\" data-created_by=\"avia_inline_auto\" id=\"style-css-av-jzzp2bi7-b774c7067fe48026dd649c38bf78bfe4\">\n.avia-section.av-jzzp2bi7-b774c7067fe48026dd649c38bf78bfe4{\nbackground-color:#ffffff;\nbackground-image:unset;\n}\n<\/style>\n<div id='av_section_1'  class='avia-section av-jzzp2bi7-b774c7067fe48026dd649c38bf78bfe4 main_color avia-section-default avia-no-border-styling  avia-builder-el-0  avia-builder-el-no-sibling  avia-bg-style-scroll container_wrap sidebar_right'  ><div class='container av-section-cont-open' ><main  role=\"main\" itemprop=\"mainContentOfPage\"  class='template-page content  av-content-small alpha units'><div class='post-entry post-entry-type-page post-entry-2872'><div class='entry-content-wrapper clearfix'>\n\n<style type=\"text\/css\" data-created_by=\"avia_inline_auto\" id=\"style-css-av-13dgg8-969176f1fcee5a5b2effe8bf9cc5c5e1\">\n.flex_column.av-13dgg8-969176f1fcee5a5b2effe8bf9cc5c5e1{\nborder-radius:0px 0px 0px 0px;\npadding:0px 0px 0px 0px;\n}\n<\/style>\n<div  class='flex_column av-13dgg8-969176f1fcee5a5b2effe8bf9cc5c5e1 av_one_full  avia-builder-el-1  el_before_av_one_half  avia-builder-el-first  first flex_column_div av-zero-column-padding  '     ><p>\n<style type=\"text\/css\" data-created_by=\"avia_inline_auto\" id=\"style-css-av-jzzq2io8-aa812ced46623a059ae89cb4eb4d5dca\">\n#top .av-special-heading.av-jzzq2io8-aa812ced46623a059ae89cb4eb4d5dca{\npadding-bottom:10px;\n}\nbody .av-special-heading.av-jzzq2io8-aa812ced46623a059ae89cb4eb4d5dca .av-special-heading-tag .heading-char{\nfont-size:25px;\n}\n.av-special-heading.av-jzzq2io8-aa812ced46623a059ae89cb4eb4d5dca .av-subheading{\nfont-size:15px;\n}\n<\/style>\n<div  class='av-special-heading av-jzzq2io8-aa812ced46623a059ae89cb4eb4d5dca av-special-heading-h1 blockquote modern-quote  avia-builder-el-2  el_before_av_hr  avia-builder-el-first '><h1 class='av-special-heading-tag '  itemprop=\"headline\"  >Politique des Cookies<\/h1><div class=\"special-heading-border\"><div class=\"special-heading-inner-border\"><\/div><\/div><\/div><br \/>\n<div  class='hr av-9eh7c8-81643b0c52fa4d1aba1a884b3d3df5be hr-default  avia-builder-el-3  el_after_av_heading  el_before_av_textblock '><span class='hr-inner '><span class=\"hr-inner-style\"><\/span><\/span><\/div><br \/>\n<section  class='av_textblock_section av-jzzpbpgo-9802544156a59ab0b1a7479a901cd99a '   itemscope=\"itemscope\" itemtype=\"https:\/\/schema.org\/CreativeWork\" ><div class='avia_textblock'  itemprop=\"text\" ><p>LeggingBay utilise des cookies pour collecter des informations, comme la plupart des sites Web. Les cookies sont de petits fichiers de donn\u00e9es qui sont plac\u00e9s sur votre ordinateur, smartphone ou tablette lorsque vous naviguez dans Legging Bay. Ils sont utilis\u00e9s pour \u00ab\u00a0se souvenir\u00a0\u00bb lorsque votre ordinateur ou votre appareil acc\u00e8de \u00e0 nos sites Web. Ils nous permettent de nous rappeler si vous \u00eates connect\u00e9 au site et quels articles vous aviez dans votre panier. Les cookies sont indispensables au bon fonctionnement du site et pour vous aider \u00e0 effectuer vos achats en ligne sur notre site. Ils sont \u00e9galement utilis\u00e9s pour adapter les produits et services qui vous sont offerts et annonc\u00e9s, tant sur Legging Bay qu&rsquo;ailleurs.<\/p>\n<\/div><\/section><\/p><\/div>\n<style type=\"text\/css\" data-created_by=\"avia_inline_auto\" id=\"style-css-av-7yhf2w-d57ba0450b55269aa18e9118d227d55b\">\n.flex_column.av-7yhf2w-d57ba0450b55269aa18e9118d227d55b{\nborder-radius:0px 0px 0px 0px;\npadding:0px 0px 0px 0px;\n}\n<\/style>\n<div  class='flex_column av-7yhf2w-d57ba0450b55269aa18e9118d227d55b av_one_half  avia-builder-el-5  el_after_av_one_full  el_before_av_one_half  first flex_column_div av-zero-column-padding  column-top-margin'     ><section  class='av_textblock_section av-jzzpbpgo-9802544156a59ab0b1a7479a901cd99a '   itemscope=\"itemscope\" itemtype=\"https:\/\/schema.org\/CreativeWork\" ><div class='avia_textblock'  itemprop=\"text\" ><h2>Information collect\u00e9e<\/h2>\n<p>Les cookies Legging Bay contiennent une petite quantit\u00e9 d&rsquo;informations relatives \u00e0 votre utilisation du site Web. Ainsi, les informations stock\u00e9es dans ces cookies sont anonymes et pr\u00e9occupantes :<\/p>\n<ul>\n<li>les pages consult\u00e9es,<\/li>\n<li>les produits consult\u00e9s et achet\u00e9s,<\/li>\n<li>votre voyage sur le site,<\/li>\n<li>l&rsquo;information dans votre panier.<\/li>\n<\/ul>\n<p>Toutes les donn\u00e9es transmises par les cookies ne contiendront jamais de d\u00e9tails individuels tels que votre nom, adresse, num\u00e9ro de t\u00e9l\u00e9phone ou informations de paiement, mais pourront contenir notre num\u00e9ro de r\u00e9f\u00e9rence client qui est unique \u00e0 vous. Pour plus d&rsquo;informations sur le fonctionnement des cookies, veuillez consulter le site <a href=\"http:\/\/www.allaboutcookies.org\" target=\"_blank\" rel=\"noopener noreferrer\">www.allaboutcookies.org<\/a><\/p>\n<\/div><\/section><\/div>\n<style type=\"text\/css\" data-created_by=\"avia_inline_auto\" id=\"style-css-av-5dtihk-2c95b6703023a17201774cbcabf42463\">\n.flex_column.av-5dtihk-2c95b6703023a17201774cbcabf42463{\nborder-radius:0px 0px 0px 0px;\npadding:0px 0px 0px 0px;\n}\n<\/style>\n<div  class='flex_column av-5dtihk-2c95b6703023a17201774cbcabf42463 av_one_half  avia-builder-el-7  el_after_av_one_half  el_before_av_one_half  flex_column_div av-zero-column-padding  column-top-margin'     ><section  class='av_textblock_section av-jzzpbpgo-9802544156a59ab0b1a7479a901cd99a '   itemscope=\"itemscope\" itemtype=\"https:\/\/schema.org\/CreativeWork\" ><div class='avia_textblock'  itemprop=\"text\" ><h2>A quoi servent ces cookies ?<\/h2>\n<p>Les cookies sont utilis\u00e9s avec nos partenaires marketing pour vous fournir des offres et des publicit\u00e9s appropri\u00e9es lorsque vous naviguez sur d&rsquo;autres sites sur Internet, en fonction de votre activit\u00e9 de navigation sur notre site (remarketing). Les cookies nous permettent \u00e9galement de travailler avec notre partenaire Google Analytics pour voir comment vous visitez notre site, quelles pages vous pr\u00e9f\u00e9rez, quelles fonctionnalit\u00e9s vous utilisez et nous aident \u00e0 les am\u00e9liorer. Cela nous aide \u00e0 am\u00e9liorer continuellement la pertinence de nos communications promotionnelles, de votre exp\u00e9rience d&rsquo;achat et de nos produits et services.<\/p>\n<\/div><\/section><\/div>\n<style type=\"text\/css\" data-created_by=\"avia_inline_auto\" id=\"style-css-av-3sqh08-8af7f963f917ffa4f5451880f5fce74b\">\n.flex_column.av-3sqh08-8af7f963f917ffa4f5451880f5fce74b{\nborder-radius:0px 0px 0px 0px;\npadding:0px 0px 0px 0px;\n}\n<\/style>\n<div  class='flex_column av-3sqh08-8af7f963f917ffa4f5451880f5fce74b av_one_half  avia-builder-el-9  el_after_av_one_half  el_before_av_one_half  first flex_column_div av-zero-column-padding  column-top-margin'     ><section  class='av_textblock_section av-jzzpbpgo-9802544156a59ab0b1a7479a901cd99a '   itemscope=\"itemscope\" itemtype=\"https:\/\/schema.org\/CreativeWork\" ><div class='avia_textblock'  itemprop=\"text\" ><h2>Quel type de cookies ?<\/h2>\n<p>Nous utilisons 2 types de cookies lorsque vous visitez Legging Bay :<\/p>\n<ul>\n<li><strong>Cookies persistants<\/strong>\n<p>Les cookies persistants se souviennent de vous pendant une p\u00e9riode de temps sp\u00e9cifique, ce qui vous permet de voir les produits que vous avez d\u00e9j\u00e0 consult\u00e9s la prochaine fois que vous visitez notre site et de voir si vous avez \u00e9t\u00e9 connect\u00e9 \u00e0 votre compte.<\/p>\n<p><br class=\"avia-permanent-lb\" \/><\/li>\n<li><strong>Cookies de session\n<p><\/strong>Les cookies de session ne durent que le temps de votre visite sur notre site. Ainsi, apr\u00e8s votre visite \u00e0 Legging Bay, le cookie de session sera supprim\u00e9 de votre ordinateur d\u00e8s que vous fermerez votre navigateur Internet. Les cookies de session vous permettent d&rsquo;ajouter un article au panier d&rsquo;achat et de le conserver pendant toute la dur\u00e9e de votre visite.<\/li>\n<\/ul>\n<\/div><\/section><\/div>\n<style type=\"text\/css\" data-created_by=\"avia_inline_auto\" id=\"style-css-av-27n03c-2434daf5371b34f581ff65c693336a52\">\n.flex_column.av-27n03c-2434daf5371b34f581ff65c693336a52{\nborder-radius:0px 0px 0px 0px;\npadding:0px 0px 0px 0px;\n}\n<\/style>\n<div  class='flex_column av-27n03c-2434daf5371b34f581ff65c693336a52 av_one_half  avia-builder-el-11  el_after_av_one_half  avia-builder-el-last  flex_column_div av-zero-column-padding  column-top-margin'     ><section  class='av_textblock_section av-jzzpbpgo-9802544156a59ab0b1a7479a901cd99a '   itemscope=\"itemscope\" itemtype=\"https:\/\/schema.org\/CreativeWork\" ><div class='avia_textblock'  itemprop=\"text\" ><h2>D\u00e9sactiver les cookies<\/h2>\n<p>Si vous voulez d\u00e9sactiver les cookies, vous devez modifier les param\u00e8tres de votre navigateur pour rejeter les cookies. Une pr\u00e9sentation rapide sur la fa\u00e7on de d\u00e9sactiver les cookies pour les navigateurs les plus populaires est pr\u00e9sent\u00e9e ici (cela peut varier selon le syst\u00e8me d&rsquo;exploitation et la version du navigateur) :<\/p>\n<p>Pour Mozilla Firefox :<\/p>\n<ul>\n<li>Cliquez sur l&rsquo;ic\u00f4ne du menu et s\u00e9lectionnez \u00ab\u00a0Options\u00a0\u00bb.<\/li>\n<li>Cliquez sur l&rsquo;ic\u00f4ne \u00ab\u00a0Confidentialit\u00e9 et s\u00e9curit\u00e9\u00a0\u00bb.<\/li>\n<li>Trouvez le menu \u00ab\u00a0cookie\u00a0\u00bb et s\u00e9lectionnez les options correspondantes<\/li>\n<\/ul>\n<p>Pour Microsoft Edge :<\/p>\n<ul>\n<li>Choisissez le menu \u00ab\u00a0Outils\u00a0\u00bb puis \u00ab\u00a0Options Internet\u00a0\u00bb.<\/li>\n<li>Cliquez sur l&rsquo;onglet \u00ab\u00a0Confidentialit\u00e9<\/li>\n<li>S\u00e9lectionnez \u00ab\u00a0Avanc\u00e9\u00a0\u00bb.<\/li>\n<li>Choisissez les param\u00e8tres appropri\u00e9s<\/li>\n<\/ul>\n<p>Pour Google Chrome :<\/p>\n<ul>\n<li>Choisissez \u00ab\u00a0Param\u00e8tres\u00a0\u00bb et cliquez sur \u00ab\u00a0Avanc\u00e9\u00a0\u00bb.<\/li>\n<li>Sous \u00ab\u00a0Confidentialit\u00e9 et s\u00e9curit\u00e9\u00a0\u00bb, cliquez sur \u00ab\u00a0Param\u00e8tres du contenu\u00a0\u00bb.<\/li>\n<li>Cliquez sur \u00ab\u00a0Cookies\u00a0\u00bb.<\/li>\n<\/ul>\n<p>Pour Safari :<\/p>\n<ul>\n<li>Choisissez Pr\u00e9f\u00e9rences &gt; Confidentialit\u00e9<\/li>\n<li>Cliquez sur \u00ab\u00a0Bloquer tous les cookies\u00a0\u00bb.<\/li>\n<\/ul>\n<\/div><\/section><\/div><\/div><\/div><\/main><!-- close content main element --><\/div><\/div><div id='after_section_1'  class='main_color av_default_container_wrap container_wrap sidebar_right'  ><div class='container av-section-cont-open' ><div class='template-page content  av-content-small alpha units'><div class='post-entry post-entry-type-page post-entry-2872'><div class='entry-content-wrapper clearfix'>\n","protected":false},"excerpt":{"rendered":"","protected":false},"author":1,"featured_media":0,"parent":0,"menu_order":0,"comment_status":"closed","ping_status":"closed","template":"","meta":{"footnotes":""},"class_list":["post-2872","page","type-page","status-publish","hentry"],"_links":{"self":[{"href":"https:\/\/www.leggingbay.com\/fr\/wp-json\/wp\/v2\/pages\/2872","targetHints":{"allow":["GET"]}}],"collection":[{"href":"https:\/\/www.leggingbay.com\/fr\/wp-json\/wp\/v2\/pages"}],"about":[{"href":"https:\/\/www.leggingbay.com\/fr\/wp-json\/wp\/v2\/types\/page"}],"author":[{"embeddable":true,"href":"https:\/\/www.leggingbay.com\/fr\/wp-json\/wp\/v2\/users\/1"}],"replies":[{"embeddable":true,"href":"https:\/\/www.leggingbay.com\/fr\/wp-json\/wp\/v2\/comments?post=2872"}],"version-history":[{"count":2,"href":"https:\/\/www.leggingbay.com\/fr\/wp-json\/wp\/v2\/pages\/2872\/revisions"}],"predecessor-version":[{"id":2886,"href":"https:\/\/www.leggingbay.com\/fr\/wp-json\/wp\/v2\/pages\/2872\/revisions\/2886"}],"wp:attachment":[{"href":"https:\/\/www.leggingbay.com\/fr\/wp-json\/wp\/v2\/media?parent=2872"}],"curies":[{"name":"wp","href":"https:\/\/api.w.org\/{rel}","templated":true}]}}