{"id":2912,"date":"2019-06-08T15:11:09","date_gmt":"2019-06-08T13:11:09","guid":{"rendered":"https:\/\/www.leggingbay.com\/terms-conditions\/"},"modified":"2019-08-31T19:33:15","modified_gmt":"2019-08-31T17:33:15","slug":"conditions-generales-de-vente","status":"publish","type":"page","link":"https:\/\/www.leggingbay.com\/fr\/conditions-generales-de-vente\/","title":{"rendered":"Conditions G\u00e9n\u00e9rales de Vente"},"content":{"rendered":"\n<style type=\"text\/css\" data-created_by=\"avia_inline_auto\" id=\"style-css-av-jzzseapx-8a77c245cce2cc133fd039c3a34a8403\">\n.avia-section.av-jzzseapx-8a77c245cce2cc133fd039c3a34a8403{\nbackground-color:#ffffff;\nbackground-image:unset;\n}\n<\/style>\n<div id='av_section_1'  class='avia-section av-jzzseapx-8a77c245cce2cc133fd039c3a34a8403 main_color avia-section-default avia-no-border-styling  avia-builder-el-0  avia-builder-el-no-sibling  avia-bg-style-scroll container_wrap sidebar_right'  ><div class='container av-section-cont-open' ><main  role=\"main\" itemprop=\"mainContentOfPage\"  class='template-page content  av-content-small alpha units'><div class='post-entry post-entry-type-page post-entry-2912'><div class='entry-content-wrapper clearfix'>\n\n<style type=\"text\/css\" data-created_by=\"avia_inline_auto\" id=\"style-css-av-5neb-0f7be197e17dffae8711d0221dc5a42c\">\n.flex_column.av-5neb-0f7be197e17dffae8711d0221dc5a42c{\nborder-radius:0px 0px 0px 0px;\npadding:0px 0px 0px 0px;\n}\n<\/style>\n<div  class='flex_column av-5neb-0f7be197e17dffae8711d0221dc5a42c av_one_full  avia-builder-el-1  avia-builder-el-no-sibling  first flex_column_div av-zero-column-padding  '     ><p>\n<style type=\"text\/css\" data-created_by=\"avia_inline_auto\" id=\"style-css-av-jzzshs05-7d9f92e3791b47f291379bf4a8f7d05c\">\n#top .av-special-heading.av-jzzshs05-7d9f92e3791b47f291379bf4a8f7d05c{\npadding-bottom:10px;\n}\nbody .av-special-heading.av-jzzshs05-7d9f92e3791b47f291379bf4a8f7d05c .av-special-heading-tag .heading-char{\nfont-size:25px;\n}\n.av-special-heading.av-jzzshs05-7d9f92e3791b47f291379bf4a8f7d05c .av-subheading{\nfont-size:15px;\n}\n<\/style>\n<div  class='av-special-heading av-jzzshs05-7d9f92e3791b47f291379bf4a8f7d05c av-special-heading-h1 blockquote modern-quote  avia-builder-el-2  el_before_av_hr  avia-builder-el-first '><h1 class='av-special-heading-tag '  itemprop=\"headline\"  >Conditions G\u00e9n\u00e9rales de Vente<\/h1><div class=\"special-heading-border\"><div class=\"special-heading-inner-border\"><\/div><\/div><\/div><br \/>\n\n<style type=\"text\/css\" data-created_by=\"avia_inline_auto\" id=\"style-css-av-jzzsf0ay-f4280222e19889e0cce4116e48337f77\">\n#top .hr.hr-invisible.av-jzzsf0ay-f4280222e19889e0cce4116e48337f77{\nheight:30px;\n}\n<\/style>\n<div  class='hr av-jzzsf0ay-f4280222e19889e0cce4116e48337f77 hr-invisible  avia-builder-el-3  el_after_av_heading  el_before_av_textblock '><span class='hr-inner '><span class=\"hr-inner-style\"><\/span><\/span><\/div><br \/>\n<section  class='av_textblock_section av-dzf-15ab900b9a3e7957479bfae6b1d5d960 '   itemscope=\"itemscope\" itemtype=\"https:\/\/schema.org\/CreativeWork\" ><div class='avia_textblock'  itemprop=\"text\" ><p>Legging Bay \u00e0 travers la soci\u00e9t\u00e9 individuelle Max Jacob SIRET 80031220900029 est actuellement en cours d&rsquo;inscription au Registre de Commerces &amp; Soci\u00e9t\u00e9s de la CCI de Charente-Maritime (17). Son adresse postale est 42D rue de la Petite Courbe \u00e0 Aytr\u00e9 (France) et son adresse de courrier \u00e9lectronique est contact@leggingbay.com<\/p>\n<hr \/>\n<p>Toute prise de commande au titre d\u2019un produit figurant au sein de la boutique en ligne du site leggingbay.com (ci-dessous LE SITE VENDEUR) suppose la consultation et l\u2019acceptation pr\u00e9alable des pr\u00e9sentes conditions g\u00e9n\u00e9rales de vente. Le clic de validation de la commande implique une pleine acceptation des pr\u00e9sentes. Ce clic \u00e0 valeur de \u00ab\u00a0signature num\u00e9rique\u00a0\u00bb.<\/p>\n<h2>Objet<\/h2>\n<p>Les pr\u00e9sentes conditions g\u00e9n\u00e9rales ont pour objet de d\u00e9finir les droits et obligations des parties dans le cadre de la vente en ligne de biens propos\u00e9s par LE VENDEUR au consommateur.<\/p>\n<h2>Confirmation de commande<\/h2>\n<p>Les informations contractuelles feront l\u2019objet d\u2019une confirmation par voie d\u2019e-mail \u00e0 l\u2019adresse indiqu\u00e9e par le consommateur au sein du bon de commande. Toute commande ne sera valid\u00e9e qu&rsquo;apr\u00e8s acceptation du paiement. Le VENDEUR se r\u00e9serve le droit d&rsquo;annuler ou de refuser une commande en cas de litige avec le consommateur sur une commande ant\u00e9rieure. Si, en d\u00e9pit de la vigilance du VENDEUR les produits command\u00e9s seraient indisponibles, le VENDEUR informera le consommateur par courriel dans les meilleurs d\u00e9lais, afin d&rsquo;ouvrir la possibilit\u00e9 d&rsquo;une annulation de commande et d&rsquo;un remboursement sans condition des sommes d\u00e9j\u00e0 vers\u00e9es.<\/p>\n<h2>Preuve de la transaction<\/h2>\n<p>Les registres informatis\u00e9s, conserv\u00e9s dans les syst\u00e8mes informatiques de la soci\u00e9t\u00e9 LE VENDEUR dans des conditions raisonnables de s\u00e9curit\u00e9 sont consid\u00e9r\u00e9s comme les preuves des communications, des commandes et des paiements intervenus entre les parties.<\/p>\n<p>L\u2019archivage des bons de commande et des factures est effectu\u00e9 sur un support fiable et durable pouvant \u00eatre produit \u00e0 titre de preuve.<\/p>\n<h2>Informations sur les produits<\/h2>\n<p>Tous les efforts ont \u00e9t\u00e9 faits pour s\u2019assurer de l\u2019exactitude des informations pr\u00e9sent\u00e9es sur LE SITE VENDEUR. LE VENDEUR ou ses fournisseurs ne sont n\u00e9anmoins pas responsables des cons\u00e9quences, incidents, dommages sp\u00e9ciaux r\u00e9sultant des transmissions \u00e9lectroniques ou de l\u2019exactitude de l\u2019information transmise m\u00eame dans le cas o\u00f9 LE VENDEUR ait eu connaissance de la possibilit\u00e9 de tels dommages. Les noms et marques de produits et de fabricants sont utilis\u00e9s seulement dans un but d\u2019identification. Les photos, descriptions et prix des produits ne sont pas contractuels.<\/p>\n<h2>Dur\u00e9e de validit\u00e9 de l\u2019offre et du prix de celle-ci<\/h2>\n<p>Nos prix sont valables pour la journ\u00e9e. Des taux de conversion peuvent s&rsquo;appliquer entre les diff\u00e9rents magasins en ligne correspondants \u00e0 diff\u00e9rents langues \/ pays. Le VENDEUR se r\u00e9serve le droit de changer le prix de ses produits \u00e0 n&rsquo;importe quel moment sans notification. Toute commande effectu\u00e9e ant\u00e9rieurement \u00e0 un changement de prix ne pourrait \u00eatre modifi\u00e9e au nouveau prix.<\/p>\n<h2>Modalit\u00e9 de livraison<\/h2>\n<p>Les produits sont livr\u00e9s \u00e0 l\u2019adresse indiqu\u00e9e par le consommateur sur le bon de commande et uniquement sur les zones g\u00e9ographiques que nous desservons. Tous les produits partent directement depuis nos fournisseurs bas\u00e9s \u00e0 l&rsquo;\u00e9tranger. Le client se doit de signaler au transporteur (ou au facteur) la moindre petite trace de choc (trous, pliages, traces d\u2019\u00e9crasement etc..) sur le colis, et le cas \u00e9ch\u00e9ant de refuser le colis. Un nouveau produit identique vous sera alors renvoy\u00e9 sans frais. L\u2019\u00e9change de tout produit d\u00e9clar\u00e9, \u00e0 post\u00e9riori, ab\u00eem\u00e9 lors du transport, sans qu\u2019aucune r\u00e9serve n\u2019ait \u00e9t\u00e9 \u00e9mise \u00e0 la r\u00e9ception du colis, ne pourra pas \u00eatre pris en charge. Comme dans toute exp\u00e9dition, il est possible de subir un retard ou que le produit s\u2019\u00e9gare. Dans un tel cas, nous contactons le transporteur pour d\u00e9marrer une enqu\u00eate. Tous les efforts sont effectu\u00e9s, aussi longtemps que n\u00e9cessaire, pour retrouver ce colis. Le cas \u00e9ch\u00e9ant le commer\u00e7ant se fera rembourser par le transporteur et livrera un nouveau colis identique \u00e0 ses frais. Nous d\u00e9clinons toute responsabilit\u00e9 quant \u00e0 l\u2019allongement des d\u00e9lais de livraison du fait du transporteur, notamment en cas de perte des produits, d\u2019intemp\u00e9ries ou de gr\u00e8ve.<\/p>\n<h2>Probl\u00e8me de livraison du fait du transporteur<\/h2>\n<p>Toute anomalie concernant la livraison (avarie, produit manquant par rapport au bon de livraison, colis endommag\u00e9, produits cass\u00e9s&#8230;) devra \u00eatre imp\u00e9rativement signal\u00e9 au VENDEUR dans les 7 joues calendaires de la r\u00e9ception du colis.<\/p>\n<h2>Politique des Retours &amp; Remboursements<\/h2>\n<ul>\n<li>Au lieu de 14 jours calendaires pour le droit de r\u00e9tractation, le VENDEUR \u00e9tend cette dur\u00e9e \u00e0 30 jours calendaires.<\/li>\n<li>Le droit de r\u00e9tractation ne concerne que les personnes physiques.<\/li>\n<li>Vous avez 30 jours calendaires \u00e0 compter de la date de r\u00e9ception de la commande du consommateur pour faire un retour.<\/li>\n<li>Hors produit d\u00e9fectueux ou erreur de livraison, le consommateur est responsable des frais de retour de la marchandise et doit produire un num\u00e9ro de suivi. Le VENDEUR n&rsquo;applique pas de frais de restockage ou de gestion. Il n\u2019y a pas de frais extra \u00e0 pr\u00e9voir de la part du VENDEUR.<\/li>\n<li>Le retour se fait aux risque du consommateur.<\/li>\n<li>Le VENDEUR n\u2019offre aucun \u00e9change \u2013 seulement des remboursements.<\/li>\n<li>Les articles ne doivent pas \u00eatre port\u00e9s ou lav\u00e9s. Pas de taches ou de signes d\u2019usure. Toutes les \u00e9tiquettes doivent encore \u00eatre attach\u00e9es pour retourner les marchandises.<\/li>\n<li>Les articles ne peuvent pas \u00eatre retourn\u00e9s si l\u2019\u00e9tiquette d\u2019entretien a \u00e9t\u00e9 coup\u00e9e ou enlev\u00e9e.<\/li>\n<li>Tous les composants sont minutieusement inspect\u00e9s avant toute action.<\/li>\n<li>Les commandes pass\u00e9es avec une r\u00e9duction de points fid\u00e9lit\u00e9 ne pourront pas restituer les points fid\u00e9lit\u00e9 utilis\u00e9s.<\/li>\n<li>Les commandes pass\u00e9es s\u00e9par\u00e9ment ne peuvent pas \u00eatre retourn\u00e9es en une seule commande.<\/li>\n<li>Le consommateur devra effectuer son retour au VENDEUR \u00e0 l&rsquo;adresse suivante :<br \/>\nLegging Bay<br \/>\nContact : Maxime Jacob<br \/>\n42D rue de la Petite Courbe<br \/>\n17440 Aytr\u00e9 &#8211; FRANCE<\/li>\n<li>Le VENDEUR effectuera au plus t\u00f4t le traitement du retour d\u00e8s r\u00e9ception des articles. Si le VENDEUR r\u00e9alise le traitement de la majorit\u00e9 des retours en deux (2) jours ouvr\u00e9s, le VENDEUR poss\u00e8de une dur\u00e9e de traitement des retours jusqu&rsquo;\u00e0 quinze (15) jours calendaires.<\/li>\n<li>Si le traitement du retour d\u00e9bouche sur un remboursement au consommateur, celui-ci sera effectu\u00e9 par cr\u00e9dit du montant \u00e0 rembourser sur le compte bancaire du client.<\/li>\n<li>A d\u00e9faut de respect par le consommateur des pr\u00e9sentes conditions, le VENDEUR ne pourra proc\u00e9der au remboursement des produits concern\u00e9s.<\/li>\n<\/ul>\n<h2>Garantie des produits<\/h2>\n<p>Les dispositions des pr\u00e9sentes ne peuvent priver le consommateur de la garantie l\u00e9gale qui oblige le vendeur professionnel \u00e0 le garantir contre toutes les cons\u00e9quences de vices cach\u00e9s de la chose vendue. Le consommateur est express\u00e9ment inform\u00e9 que le VENDEUR n\u2019est pas le fabricant des produits pr\u00e9sent\u00e9s dans le SITE VENDEUR et que le VENDEUR se d\u00e9gage de toute responsabilit\u00e9 du fait des produits d\u00e9fectueux. En cons\u00e9quence, en cas de dommages caus\u00e9s \u00e0 une personne ou \u00e0 un bien par d\u00e9faut du produit, seule la responsabilit\u00e9 du fabricant de celui-ci pourra \u00eatre recherch\u00e9e par le consommateur, sur la base des informations figurant sur l\u2019emballage du dit produit. La dur\u00e9e de garantie est d\u2019un an (1 an). Sont exclus de cette garantie, tous les produits modifi\u00e9s ou r\u00e9par\u00e9s par le client ou par toute autre entit\u00e9 que les prestataires choisis par le VENDEUR.<\/p>\n<h2>Droits d\u2019utilisation<\/h2>\n<p>L\u2019utilisation des marques pr\u00e9sentes sur le site est strictement interdite. En aucun cas le consommateur n\u2019est autoris\u00e9 \u00e0 t\u00e9l\u00e9charger ou \u00e0 modifier tout ou partie du site et notamment son contenu (produits list\u00e9s, descriptions, images, vid\u00e9os\u2026). Il en est de m\u00eame pour tout autre droit de propri\u00e9t\u00e9 intellectuelle.<\/p>\n<h2>Force majeure<\/h2>\n<p>Aucune des parties n\u2019aura failli \u00e0 ses obligations contractuelles, dans la mesure o\u00f9 leur ex\u00e9cution sera retard\u00e9e, entrav\u00e9e ou emp\u00each\u00e9e par un cas fortuit de force majeure. Sera consid\u00e9r\u00e9 comme un cas de force majeure tout fait ou circonstance irr\u00e9sistible, ext\u00e9rieur aux parties, impr\u00e9visible, in\u00e9vitable, ind\u00e9pendant de la volont\u00e9 des parties et qui ne pourra \u00eatre emp\u00each\u00e9 par ces derni\u00e8res, malgr\u00e9 tous les efforts raisonnablement possibles.La partie touch\u00e9e par de telles circonstances en avisera l\u2019autre dans les dix jours ouvrables suivant la date \u00e0 laquelle elle aura eu connaissance. Les deux parties se rapprocheront alors, dans un d\u00e9lai de trois mois, sauf impossibilit\u00e9 due au cas de force majeure, pour examiner l\u2019incidence de l\u2019\u00e9v\u00e9nement et convenir des conditions dans lesquelles l\u2019ex\u00e9cution du contrat sera poursuivie. Si le cas de force majeur a une dur\u00e9e sup\u00e9rieure \u00e0 une dur\u00e9e de un mois, les pr\u00e9sentes conditions g\u00e9n\u00e9rales pourront \u00eatre r\u00e9sili\u00e9es par la partie l\u00e9s\u00e9e. De fa\u00e7on expresse, sont consid\u00e9r\u00e9s comme cas de force majeure ou cas fortuits, outre ceux qui sont habituellement retenus par la jurisprudence des cours et des tribunaux fran\u00e7ais : le blocage des moyens de transports, tremblement de terre, incendies, temp\u00eates, inondation, foudre, l\u2019arr\u00eat des r\u00e9seaux de t\u00e9l\u00e9communication ou difficult\u00e9s propres aux r\u00e9seaux de t\u00e9l\u00e9communication externes aux clients.<\/p>\n<h2>Non validation partielle<\/h2>\n<p>Si une ou plusieurs stipulation des pr\u00e9sentes conditions g\u00e9n\u00e9rales sont tenues pour non valid\u00e9es ou d\u00e9clar\u00e9es telles en application d\u2019une loi, d\u2019un r\u00e8glement ou \u00e0 la suite d\u2019une d\u00e9cision d\u00e9finitive d\u2019une juridiction comp\u00e9tente, les autres stipulations garderont toute leur force et leur port\u00e9e.<br \/>\nNon renonciation<br \/>\nLe fait pour l\u2019une des parties de ne pas se pr\u00e9valoir d\u2019un manquement par l\u2019autre partie \u00e0 l\u2019une quelconque des obligations vis\u00e9es dans le cadre des pr\u00e9sentes conditions g\u00e9n\u00e9rales de ventes ne saurait \u00eatre interpr\u00e9t\u00e9 pour l\u2019avenir comme une revendication \u00e0 l\u2019obligation en cause.<\/p>\n<h2>Loi applicable<\/h2>\n<p>Les pr\u00e9sentes conditions g\u00e9n\u00e9rales sont soumises \u00e0 la loi fran\u00e7aise. Il en est ainsi pour les r\u00e8gles de fonds comme pour les r\u00e8gles de forme.En cas de litige ou de r\u00e9clamation, le consommateur s\u2019adressera en priorit\u00e9 au VENDEUR pour obtenir une solution amiable.<\/p>\n<h2>Protection des donn\u00e9es personnelles<\/h2>\n<p>Toutes les donn\u00e9es que le consommateur confie au VENDEUR le sont afin de pouvoir traiter vos commandes. En vertu de la loi no 78-17 du 6 janvier 1978 relative \u00e0 l\u2019informatique, aux fichiers et aux libert\u00e9s, le consommateur dispose aupr\u00e8s du VENDEUR d\u2019un droit de rectification, de consultation, de modification et de suppression des donn\u00e9es que vous nous avez communiqu\u00e9es. Ce droit peut \u00e9galement \u00eatre exerc\u00e9 en ligne.<\/p>\n<h2>Litiges<\/h2>\n<p>Toute commande pass\u00e9e par l\u2019interm\u00e9diaire du SITE VENDEUR emporte l\u2019adh\u00e9sion du client, et ce sans aucune restriction, aux conditions g\u00e9n\u00e9rales de vente du VENDEUR. En cas de vente \u00e0 une personne morale, tout diff\u00e9rent relatif \u00e0 la vente (prix, CGV, produits,&#8230;) sera soumis au droit fran\u00e7ais devant le Tribunal de Commerce du si\u00e8ge social du VENDEUR.<\/p>\n<\/div><\/section><\/p><\/div><\/div><\/div><\/main><!-- close content main element --><\/div><\/div><div id='after_section_1'  class='main_color av_default_container_wrap container_wrap sidebar_right'  ><div class='container av-section-cont-open' ><div class='template-page content  av-content-small alpha units'><div class='post-entry post-entry-type-page post-entry-2912'><div class='entry-content-wrapper clearfix'>\n","protected":false},"excerpt":{"rendered":"","protected":false},"author":1,"featured_media":0,"parent":0,"menu_order":0,"comment_status":"closed","ping_status":"closed","template":"","meta":{"footnotes":""},"class_list":["post-2912","page","type-page","status-publish","hentry"],"_links":{"self":[{"href":"https:\/\/www.leggingbay.com\/fr\/wp-json\/wp\/v2\/pages\/2912","targetHints":{"allow":["GET"]}}],"collection":[{"href":"https:\/\/www.leggingbay.com\/fr\/wp-json\/wp\/v2\/pages"}],"about":[{"href":"https:\/\/www.leggingbay.com\/fr\/wp-json\/wp\/v2\/types\/page"}],"author":[{"embeddable":true,"href":"https:\/\/www.leggingbay.com\/fr\/wp-json\/wp\/v2\/users\/1"}],"replies":[{"embeddable":true,"href":"https:\/\/www.leggingbay.com\/fr\/wp-json\/wp\/v2\/comments?post=2912"}],"version-history":[{"count":2,"href":"https:\/\/www.leggingbay.com\/fr\/wp-json\/wp\/v2\/pages\/2912\/revisions"}],"predecessor-version":[{"id":2915,"href":"https:\/\/www.leggingbay.com\/fr\/wp-json\/wp\/v2\/pages\/2912\/revisions\/2915"}],"wp:attachment":[{"href":"https:\/\/www.leggingbay.com\/fr\/wp-json\/wp\/v2\/media?parent=2912"}],"curies":[{"name":"wp","href":"https:\/\/api.w.org\/{rel}","templated":true}]}}