{"id":4696,"date":"2019-08-02T16:36:20","date_gmt":"2019-08-02T14:36:20","guid":{"rendered":"https:\/\/www.leggingbay.com\/loyalty-reward-program\/"},"modified":"2019-09-15T03:19:55","modified_gmt":"2019-09-15T01:19:55","slug":"programme-de-fidelite","status":"publish","type":"page","link":"https:\/\/www.leggingbay.com\/fr\/programme-de-fidelite\/","title":{"rendered":"Programme de fid\u00e9lit\u00e9"},"content":{"rendered":"\n<p><\/p>\n\n\n<div id='av-layout-grid-1'  class='av-layout-grid-container av-k0i6xycy-10000f2afa6b84b751606df0503ae6cd entry-content-wrapper main_color av-flex-cells  avia-builder-el-0  avia-builder-el-no-sibling   container_wrap sidebar_right'  >\n\n<style type=\"text\/css\" data-created_by=\"avia_inline_auto\" id=\"style-css-av-k0i7aqc0-5f1ea6d345bc6bd4d9e4217a046ecd42\">\n.flex_cell.av-k0i7aqc0-5f1ea6d345bc6bd4d9e4217a046ecd42{\nvertical-align:middle;\nheight:900px;\nmin-height:900px;\nbackground-color:#ffffff;\n}\n.responsive #top #wrap_all .flex_cell.av-k0i7aqc0-5f1ea6d345bc6bd4d9e4217a046ecd42{\npadding:50px 7% 30px 7% !important;\n}\n<\/style>\n<div class='flex_cell av-k0i7aqc0-5f1ea6d345bc6bd4d9e4217a046ecd42 av-gridrow-cell av_one_half no_margin  avia-builder-el-1  el_before_av_cell_one_half  avia-builder-el-first  disable_minheight_mobile'  ><div class='flex_cell_inner'><p>\n<style type=\"text\/css\" data-created_by=\"avia_inline_auto\" id=\"style-css-av-k0ka58ux-73032bded46396b44d9bf09fdae65770\">\n#top .av-special-heading.av-k0ka58ux-73032bded46396b44d9bf09fdae65770{\npadding-bottom:20px;\nfont-size:34px;\n}\nbody .av-special-heading.av-k0ka58ux-73032bded46396b44d9bf09fdae65770 .av-special-heading-tag .heading-char{\nfont-size:25px;\n}\n#top #wrap_all .av-special-heading.av-k0ka58ux-73032bded46396b44d9bf09fdae65770 .av-special-heading-tag{\nfont-size:34px;\n}\n.av-special-heading.av-k0ka58ux-73032bded46396b44d9bf09fdae65770 .av-subheading{\nfont-size:15px;\n}\n\n@media only screen and (min-width: 480px) and (max-width: 767px){ \n#top #wrap_all .av-special-heading.av-k0ka58ux-73032bded46396b44d9bf09fdae65770 .av-special-heading-tag{\nfont-size:0.8em;\n}\n}\n\n@media only screen and (max-width: 479px){ \n#top #wrap_all .av-special-heading.av-k0ka58ux-73032bded46396b44d9bf09fdae65770 .av-special-heading-tag{\nfont-size:0.8em;\n}\n}\n<\/style>\n<div  class='av-special-heading av-k0ka58ux-73032bded46396b44d9bf09fdae65770 av-special-heading-h3 blockquote modern-quote  avia-builder-el-2  el_before_av_hr  avia-builder-el-first  av-inherit-size'><div class='av-subheading av-subheading_above'><p>Le plus important, c&rsquo;est vous<\/p>\n<\/div><h3 class='av-special-heading-tag '  itemprop=\"headline\"  >Soyez r\u00e9compens\u00e9e de votre fid\u00e9lit\u00e9<\/h3><div class=\"special-heading-border\"><div class=\"special-heading-inner-border\"><\/div><\/div><\/div><br \/>\n\n<style type=\"text\/css\" data-created_by=\"avia_inline_auto\" id=\"style-css-av-k0kag6h5-2db1ea1b2dbbd9115db824698c8f3ca8\">\n#top .hr.hr-invisible.av-k0kag6h5-2db1ea1b2dbbd9115db824698c8f3ca8{\nheight:30px;\n}\n<\/style>\n<div  class='hr av-k0kag6h5-2db1ea1b2dbbd9115db824698c8f3ca8 hr-invisible  avia-builder-el-3  el_after_av_heading  el_before_av_textblock '><span class='hr-inner '><span class=\"hr-inner-style\"><\/span><\/span><\/div><br \/>\n<section  class='av_textblock_section av-5hwc72-32767287ed0fd0d444a9fb2bf260a21d '   itemscope=\"itemscope\" itemtype=\"https:\/\/schema.org\/CreativeWork\" ><div class='avia_textblock'  itemprop=\"text\" ><h3>Points fid\u00e9lit\u00e9<\/h3>\n<p>Legging Bay existe gr\u00e2ce \u00e0 vous. C&rsquo;est pourquoi nous avons mis en place un syst\u00e8me de r\u00e9compense si vous achetez r\u00e9guli\u00e8rement chez nous.<\/p>\n<p>Le syst\u00e8me de points est tr\u00e8s simple et permet d&rsquo;acc\u00e9der rapidement \u00e0 la r\u00e9compense. D\u00e8s que vous d\u00e9passez 100 points, vous pouvez convertir 100 de ces points pour g\u00e9n\u00e9rer un coupon de r\u00e9duction de -10% sur l&rsquo;ensemble de votre prochaine commande. Et ce, tout les 100 points, sans limite de g\u00e9n\u00e9ration de coupon !<\/p>\n<p><strong>Conditions d&rsquo;utilisation : <\/strong><\/p>\n<ul>\n<li>Les commandes annul\u00e9es n&rsquo;accumulent pas de points.<\/li>\n<li>Une commande qui b\u00e9n\u00e9ficie de l&rsquo;utilisation de points de fid\u00e9lit\u00e9 ne peut \u00eatre combin\u00e9e avec d&rsquo;autres r\u00e9ductions.<\/li>\n<li>Vos points sont valables 12 mois \u00e0 compter de la derni\u00e8re commande pass\u00e9e sur notre boutique.<\/li>\n<li>Legging Bay se r\u00e9serve le droit de modifier les conditions d&rsquo;application du programme de fid\u00e9lisation \u00e0 tout moment.<\/li>\n<\/ul>\n<h3>Parrainage<\/h3>\n<p>Aujourd&rsquo;hui, avec le programme de parrainage, tout le monde est gagnant ! Faites d\u00e9couvrir le site \u00e0 un filleul, il b\u00e9n\u00e9ficiera d&rsquo;une remise de 10% sur sa premi\u00e8re commande.<br \/>\nEn contrepartie, vous b\u00e9n\u00e9ficierez d&rsquo;une remise de 10% sur l&rsquo;ensemble de votre prochaine commande sans achat minimum. Les coupons de parrainage ne peuvent \u00eatre jumel\u00e9s \u00e0 d&rsquo;autres offres et promotions.<\/p>\n<\/div><\/section><\/p>\n<\/div><\/div>\n<style type=\"text\/css\" data-created_by=\"avia_inline_auto\" id=\"style-css-av-k0i7bupt-f512057bbea0e1e0de2b4a48c133a67c\">\n.flex_cell.av-k0i7bupt-f512057bbea0e1e0de2b4a48c133a67c{\nvertical-align:top;\nheight:900px;\nmin-height:900px;\nbackground:url(https:\/\/www.leggingbay.com\/wp-content\/uploads\/2019\/09\/732730-PS7S8Z-436.jpg) 50% 50% no-repeat scroll ;\n}\n.responsive #top #wrap_all .flex_cell.av-k0i7bupt-f512057bbea0e1e0de2b4a48c133a67c{\npadding:0px 0px 0px 0px !important;\n}\n<\/style>\n<div class='flex_cell av-k0i7bupt-f512057bbea0e1e0de2b4a48c133a67c av-gridrow-cell av_one_half no_margin  avia-builder-el-5  el_after_av_cell_one_half  avia-builder-el-last  av-zero-padding avia-full-stretch'  ><div class='flex_cell_inner'><\/div><\/div><\/div>\n","protected":false},"excerpt":{"rendered":"","protected":false},"author":1,"featured_media":0,"parent":0,"menu_order":0,"comment_status":"closed","ping_status":"closed","template":"","meta":{"footnotes":""},"class_list":["post-4696","page","type-page","status-publish","hentry"],"_links":{"self":[{"href":"https:\/\/www.leggingbay.com\/fr\/wp-json\/wp\/v2\/pages\/4696","targetHints":{"allow":["GET"]}}],"collection":[{"href":"https:\/\/www.leggingbay.com\/fr\/wp-json\/wp\/v2\/pages"}],"about":[{"href":"https:\/\/www.leggingbay.com\/fr\/wp-json\/wp\/v2\/types\/page"}],"author":[{"embeddable":true,"href":"https:\/\/www.leggingbay.com\/fr\/wp-json\/wp\/v2\/users\/1"}],"replies":[{"embeddable":true,"href":"https:\/\/www.leggingbay.com\/fr\/wp-json\/wp\/v2\/comments?post=4696"}],"version-history":[{"count":5,"href":"https:\/\/www.leggingbay.com\/fr\/wp-json\/wp\/v2\/pages\/4696\/revisions"}],"predecessor-version":[{"id":9130,"href":"https:\/\/www.leggingbay.com\/fr\/wp-json\/wp\/v2\/pages\/4696\/revisions\/9130"}],"wp:attachment":[{"href":"https:\/\/www.leggingbay.com\/fr\/wp-json\/wp\/v2\/media?parent=4696"}],"curies":[{"name":"wp","href":"https:\/\/api.w.org\/{rel}","templated":true}]}}