{"id":4818,"date":"2019-07-10T14:44:35","date_gmt":"2019-07-10T12:44:35","guid":{"rendered":"https:\/\/www.leggingbay.com\/legging\/blackandwhite-comfortable-push-up-elastic-leggings\/"},"modified":"2023-03-29T12:06:47","modified_gmt":"2023-03-29T10:06:47","slug":"blackwhite-leggings-push-up","status":"publish","type":"product","link":"https:\/\/www.leggingbay.com\/fr\/legging\/blackwhite-leggings-push-up\/","title":{"rendered":"Black&#038;White | Leggings Push Up"},"content":{"rendered":"<p>Recommand\u00e9 pour le running, le yoga ou le fitness entre autres, ces leggings de sport Black&amp;White vous mettront en valeur avec leur effet Push Up. Confortables et respirants, ils sont tr\u00e8s \u00e9lastiques et vous permettent de pratiquer avec une grande aisance.<\/p>\n<ul>\n<li><strong>Mat\u00e9riau<\/strong> : Polyester, Spandex<\/li>\n<li><strong>Taille<\/strong> : Moyenne<\/li>\n<li><strong>Fermeture<\/strong> : Bande \u00e9lastique \u00e0 la taille<\/li>\n<\/ul>\n","protected":false},"excerpt":{"rendered":"<p>Vos s\u00e9ances de sport m\u00e9ritent un legging respirant, confortable et \u00e9lastique.<\/p>\n","protected":false},"featured_media":1905,"comment_status":"open","ping_status":"closed","template":"","meta":[],"product_brand":[],"product_cat":[208,194],"product_tag":[],"class_list":{"0":"post-4818","1":"product","2":"type-product","3":"status-publish","4":"has-post-thumbnail","6":"product_cat-leggings-push-up","7":"product_cat-leggings-mesh","9":"first","10":"outofstock","11":"taxable","12":"shipping-taxable","13":"purchasable","14":"product-type-variable","15":"has-default-attributes"},"_links":{"self":[{"href":"https:\/\/www.leggingbay.com\/fr\/wp-json\/wp\/v2\/product\/4818","targetHints":{"allow":["GET"]}}],"collection":[{"href":"https:\/\/www.leggingbay.com\/fr\/wp-json\/wp\/v2\/product"}],"about":[{"href":"https:\/\/www.leggingbay.com\/fr\/wp-json\/wp\/v2\/types\/product"}],"replies":[{"embeddable":true,"href":"https:\/\/www.leggingbay.com\/fr\/wp-json\/wp\/v2\/comments?post=4818"}],"wp:featuredmedia":[{"embeddable":true,"href":"https:\/\/www.leggingbay.com\/fr\/wp-json\/wp\/v2\/media\/1905"}],"wp:attachment":[{"href":"https:\/\/www.leggingbay.com\/fr\/wp-json\/wp\/v2\/media?parent=4818"}],"wp:term":[{"taxonomy":"product_brand","embeddable":true,"href":"https:\/\/www.leggingbay.com\/fr\/wp-json\/wp\/v2\/product_brand?post=4818"},{"taxonomy":"product_cat","embeddable":true,"href":"https:\/\/www.leggingbay.com\/fr\/wp-json\/wp\/v2\/product_cat?post=4818"},{"taxonomy":"product_tag","embeddable":true,"href":"https:\/\/www.leggingbay.com\/fr\/wp-json\/wp\/v2\/product_tag?post=4818"}],"curies":[{"name":"wp","href":"https:\/\/api.w.org\/{rel}","templated":true}]}}