{"id":5296,"date":"2019-06-21T19:37:17","date_gmt":"2019-06-21T17:37:17","guid":{"rendered":"https:\/\/www.leggingbay.com\/legging\/womens-color-stripes-sport-leggings\/"},"modified":"2023-03-29T12:06:53","modified_gmt":"2023-03-29T10:06:53","slug":"colorstriped-leggings-a-rayures-colorees","status":"publish","type":"product","link":"https:\/\/www.leggingbay.com\/fr\/legging\/colorstriped-leggings-a-rayures-colorees\/","title":{"rendered":"ColorStriped | Leggings \u00e0 rayures color\u00e9es"},"content":{"rendered":"<p>Voyez la vie en couleur avec ce magnifique d\u00e9grad\u00e9 bleu (ou orange) sur ce legging ray\u00e9.<br \/>\nEn spandex et coton, vous vous sentirez \u00e0 l&rsquo;aise d\u00e8s que vous l&rsquo;enfilerez, en plus d&rsquo;une bonne \u00e9lasticit\u00e9 pour vous assurer une excellente s\u00e9ance de gym.<\/p>\n<ul>\n<li><strong>Type de fermeture<\/strong> : Ceinture \u00e9lastique<\/li>\n<li><strong>Mat\u00e9riau<\/strong> : Spandex, Coton, Acrylique<\/li>\n<li><strong>Longueur<\/strong> : Long<\/li>\n<\/ul>\n","protected":false},"excerpt":{"rendered":"<p>Voyez la vie en couleur avec ce magnifique d\u00e9grad\u00e9 bleu (ou orange) sur ce legging ray\u00e9, confortable et \u00e9lastique.<\/p>\n","protected":false},"featured_media":1970,"comment_status":"open","ping_status":"closed","template":"","meta":[],"product_brand":[],"product_cat":[174,179],"product_tag":[],"class_list":{"0":"post-5296","1":"product","2":"type-product","3":"status-publish","4":"has-post-thumbnail","6":"product_cat-leggings-bleus","7":"product_cat-leggings-noirs","9":"first","10":"outofstock","11":"taxable","12":"shipping-taxable","13":"purchasable","14":"product-type-variable","15":"has-default-attributes"},"_links":{"self":[{"href":"https:\/\/www.leggingbay.com\/fr\/wp-json\/wp\/v2\/product\/5296","targetHints":{"allow":["GET"]}}],"collection":[{"href":"https:\/\/www.leggingbay.com\/fr\/wp-json\/wp\/v2\/product"}],"about":[{"href":"https:\/\/www.leggingbay.com\/fr\/wp-json\/wp\/v2\/types\/product"}],"replies":[{"embeddable":true,"href":"https:\/\/www.leggingbay.com\/fr\/wp-json\/wp\/v2\/comments?post=5296"}],"wp:featuredmedia":[{"embeddable":true,"href":"https:\/\/www.leggingbay.com\/fr\/wp-json\/wp\/v2\/media\/1970"}],"wp:attachment":[{"href":"https:\/\/www.leggingbay.com\/fr\/wp-json\/wp\/v2\/media?parent=5296"}],"wp:term":[{"taxonomy":"product_brand","embeddable":true,"href":"https:\/\/www.leggingbay.com\/fr\/wp-json\/wp\/v2\/product_brand?post=5296"},{"taxonomy":"product_cat","embeddable":true,"href":"https:\/\/www.leggingbay.com\/fr\/wp-json\/wp\/v2\/product_cat?post=5296"},{"taxonomy":"product_tag","embeddable":true,"href":"https:\/\/www.leggingbay.com\/fr\/wp-json\/wp\/v2\/product_tag?post=5296"}],"curies":[{"name":"wp","href":"https:\/\/api.w.org\/{rel}","templated":true}]}}