{"id":5328,"date":"2019-06-21T19:37:16","date_gmt":"2019-06-21T17:37:16","guid":{"rendered":"https:\/\/www.leggingbay.com\/legging\/windy-pink-airy-mesh-leggings\/"},"modified":"2020-04-18T18:35:28","modified_gmt":"2020-04-18T16:35:28","slug":"windy-leggings-mesh-rose","status":"publish","type":"product","link":"https:\/\/www.leggingbay.com\/fr\/legging\/windy-leggings-mesh-rose\/","title":{"rendered":"Windy | Leggings Mesh rose"},"content":{"rendered":"<p>Restez en \u00e9t\u00e9 avec ces leggings en maille pour une ventilation optimale.<br \/>\nCe legging rose rehaussera votre teint, et le spandex utilis\u00e9 permet souplesse et libert\u00e9 de mouvement.<\/p>\n<ul>\n<li><strong>Mat\u00e9riau<\/strong> : Polyester, Spandex<\/li>\n<li><strong>Taille<\/strong> : Haute<\/li>\n<li><strong>Longueur<\/strong> : Long<\/li>\n<li><strong>D\u00e9corations<\/strong> : Maille<\/li>\n<\/ul>\n","protected":false},"excerpt":{"rendered":"<p>Leggings en maille rose pour une ventilation et une libert\u00e9 de mouvement optimales, offrant confort et \u00e9lasticit\u00e9.<\/p>\n","protected":false},"featured_media":2022,"comment_status":"open","ping_status":"closed","template":"","meta":[],"product_brand":[],"product_cat":[200,194],"product_tag":[],"class_list":{"0":"post-5328","1":"product","2":"type-product","3":"status-publish","4":"has-post-thumbnail","6":"product_cat-leggings-roses","7":"product_cat-leggings-mesh","9":"first","10":"instock","11":"taxable","12":"shipping-taxable","13":"purchasable","14":"product-type-variable","15":"has-default-attributes"},"_links":{"self":[{"href":"https:\/\/www.leggingbay.com\/fr\/wp-json\/wp\/v2\/product\/5328","targetHints":{"allow":["GET"]}}],"collection":[{"href":"https:\/\/www.leggingbay.com\/fr\/wp-json\/wp\/v2\/product"}],"about":[{"href":"https:\/\/www.leggingbay.com\/fr\/wp-json\/wp\/v2\/types\/product"}],"replies":[{"embeddable":true,"href":"https:\/\/www.leggingbay.com\/fr\/wp-json\/wp\/v2\/comments?post=5328"}],"wp:featuredmedia":[{"embeddable":true,"href":"https:\/\/www.leggingbay.com\/fr\/wp-json\/wp\/v2\/media\/2022"}],"wp:attachment":[{"href":"https:\/\/www.leggingbay.com\/fr\/wp-json\/wp\/v2\/media?parent=5328"}],"wp:term":[{"taxonomy":"product_brand","embeddable":true,"href":"https:\/\/www.leggingbay.com\/fr\/wp-json\/wp\/v2\/product_brand?post=5328"},{"taxonomy":"product_cat","embeddable":true,"href":"https:\/\/www.leggingbay.com\/fr\/wp-json\/wp\/v2\/product_cat?post=5328"},{"taxonomy":"product_tag","embeddable":true,"href":"https:\/\/www.leggingbay.com\/fr\/wp-json\/wp\/v2\/product_tag?post=5328"}],"curies":[{"name":"wp","href":"https:\/\/api.w.org\/{rel}","templated":true}]}}