{"id":5357,"date":"2019-06-21T19:37:16","date_gmt":"2019-06-21T17:37:16","guid":{"rendered":"https:\/\/www.leggingbay.com\/legging\/kite-geometric-printed-leggings\/"},"modified":"2023-03-29T12:06:36","modified_gmt":"2023-03-29T10:06:36","slug":"kite-leggings-imprimes-geometriques","status":"publish","type":"product","link":"https:\/\/www.leggingbay.com\/fr\/legging\/kite-leggings-imprimes-geometriques\/","title":{"rendered":"Kite | Leggings imprim\u00e9s g\u00e9om\u00e9triques"},"content":{"rendered":"<p>Ce legging g\u00e9om\u00e9trique rouge et noir mettra en valeur votre passion et votre d\u00e9termination.<br \/>\nCe legging imprim\u00e9 est id\u00e9al pour une utilisation dans les salles de sport ou dans la rue, et m\u00eame en soir\u00e9e. Le tissu Spandex assure des jambi\u00e8res souples et respirantes.<\/p>\n<ul>\n<li><strong>Mat\u00e9riau<\/strong> : Spandex, Polyester<\/li>\n<li><strong>Taille<\/strong> : Milieu<\/li>\n<li><strong>Type de fermeture<\/strong> : Ceinture \u00e9lastique<\/li>\n<\/ul>\n","protected":false},"excerpt":{"rendered":"<p>Ce legging g\u00e9om\u00e9trique rouge et noir mettra en valeur votre passion et votre d\u00e9termination. Ce legging imprim\u00e9 est id\u00e9al pour une utilisation dans les salles de sport ou dans la rue, et m\u00eame en soir\u00e9e. Le tissu Spandex assure des jambi\u00e8res souples et respirantes.<\/p>\n","protected":false},"featured_media":4297,"comment_status":"open","ping_status":"closed","template":"","meta":[],"product_brand":[],"product_cat":[184,179],"product_tag":[],"class_list":{"0":"post-5357","1":"product","2":"type-product","3":"status-publish","4":"has-post-thumbnail","6":"product_cat-leggings-geometriques","7":"product_cat-leggings-noirs","9":"first","10":"instock","11":"taxable","12":"shipping-taxable","13":"purchasable","14":"product-type-variable","15":"has-default-attributes"},"_links":{"self":[{"href":"https:\/\/www.leggingbay.com\/fr\/wp-json\/wp\/v2\/product\/5357","targetHints":{"allow":["GET"]}}],"collection":[{"href":"https:\/\/www.leggingbay.com\/fr\/wp-json\/wp\/v2\/product"}],"about":[{"href":"https:\/\/www.leggingbay.com\/fr\/wp-json\/wp\/v2\/types\/product"}],"replies":[{"embeddable":true,"href":"https:\/\/www.leggingbay.com\/fr\/wp-json\/wp\/v2\/comments?post=5357"}],"wp:featuredmedia":[{"embeddable":true,"href":"https:\/\/www.leggingbay.com\/fr\/wp-json\/wp\/v2\/media\/4297"}],"wp:attachment":[{"href":"https:\/\/www.leggingbay.com\/fr\/wp-json\/wp\/v2\/media?parent=5357"}],"wp:term":[{"taxonomy":"product_brand","embeddable":true,"href":"https:\/\/www.leggingbay.com\/fr\/wp-json\/wp\/v2\/product_brand?post=5357"},{"taxonomy":"product_cat","embeddable":true,"href":"https:\/\/www.leggingbay.com\/fr\/wp-json\/wp\/v2\/product_cat?post=5357"},{"taxonomy":"product_tag","embeddable":true,"href":"https:\/\/www.leggingbay.com\/fr\/wp-json\/wp\/v2\/product_tag?post=5357"}],"curies":[{"name":"wp","href":"https:\/\/api.w.org\/{rel}","templated":true}]}}