{"id":5724,"date":"2019-06-21T19:28:15","date_gmt":"2019-06-21T17:28:15","guid":{"rendered":"https:\/\/www.leggingbay.com\/legging\/blueweb-abstract-printed-leggings\/"},"modified":"2023-03-29T12:06:58","modified_gmt":"2023-03-29T10:06:58","slug":"blueweb-leggings-imprimes-abstraits","status":"publish","type":"product","link":"https:\/\/www.leggingbay.com\/fr\/legging\/blueweb-leggings-imprimes-abstraits\/","title":{"rendered":"BlueWeb | Leggings imprim\u00e9s Abstraits"},"content":{"rendered":"<p>Ce legging imprim\u00e9 bleu abstrait a \u00e9t\u00e9 con\u00e7u pour \u00eatre confortable et squat-proof.<br \/>\nRespirant, son motif comprend un m\u00e9lange de lignes, de d\u00e9grad\u00e9s bleus, parsem\u00e9s d&rsquo;une touche de points, vous permettront d&rsquo;afficher des couleurs vibrantes \u00e0 la salle.<br \/>\nSur le tableau des tailles, si vous \u00eates entre deux tailles, il est conseill\u00e9 de prendre la taille en dessous.<\/p>\n<ul>\n<li><strong>Mat\u00e9riaux<\/strong> : Spandex, Polyester<\/li>\n<li><strong>Taille<\/strong> : Haute<\/li>\n<li><strong>Longueur<\/strong> : Longueur cheville<\/li>\n<\/ul>\n","protected":false},"excerpt":{"rendered":"<p>Soyez \u00e9clatante avec ce legging abstrait bleu abstrait squat-proof.<\/p>\n","protected":false},"featured_media":2128,"comment_status":"open","ping_status":"closed","template":"","meta":[],"product_brand":[],"product_cat":[174,169,136],"product_tag":[],"class_list":{"0":"post-5724","1":"product","2":"type-product","3":"status-publish","4":"has-post-thumbnail","6":"product_cat-leggings-bleus","7":"product_cat-leggings-hauts-en-couleurs","8":"product_cat-leggings-imprimes","10":"first","11":"instock","12":"taxable","13":"shipping-taxable","14":"purchasable","15":"product-type-variable","16":"has-default-attributes"},"_links":{"self":[{"href":"https:\/\/www.leggingbay.com\/fr\/wp-json\/wp\/v2\/product\/5724","targetHints":{"allow":["GET"]}}],"collection":[{"href":"https:\/\/www.leggingbay.com\/fr\/wp-json\/wp\/v2\/product"}],"about":[{"href":"https:\/\/www.leggingbay.com\/fr\/wp-json\/wp\/v2\/types\/product"}],"replies":[{"embeddable":true,"href":"https:\/\/www.leggingbay.com\/fr\/wp-json\/wp\/v2\/comments?post=5724"}],"wp:featuredmedia":[{"embeddable":true,"href":"https:\/\/www.leggingbay.com\/fr\/wp-json\/wp\/v2\/media\/2128"}],"wp:attachment":[{"href":"https:\/\/www.leggingbay.com\/fr\/wp-json\/wp\/v2\/media?parent=5724"}],"wp:term":[{"taxonomy":"product_brand","embeddable":true,"href":"https:\/\/www.leggingbay.com\/fr\/wp-json\/wp\/v2\/product_brand?post=5724"},{"taxonomy":"product_cat","embeddable":true,"href":"https:\/\/www.leggingbay.com\/fr\/wp-json\/wp\/v2\/product_cat?post=5724"},{"taxonomy":"product_tag","embeddable":true,"href":"https:\/\/www.leggingbay.com\/fr\/wp-json\/wp\/v2\/product_tag?post=5724"}],"curies":[{"name":"wp","href":"https:\/\/api.w.org\/{rel}","templated":true}]}}