{"id":5765,"date":"2019-06-21T19:22:22","date_gmt":"2019-06-21T17:22:22","guid":{"rendered":"https:\/\/www.leggingbay.com\/legging\/womens-ripped-high-waist-leggings\/"},"modified":"2021-03-04T21:18:55","modified_gmt":"2021-03-04T20:18:55","slug":"rips-leggings-noirs-dechires","status":"publish","type":"product","link":"https:\/\/www.leggingbay.com\/fr\/legging\/rips-leggings-noirs-dechires\/","title":{"rendered":"Rips | Leggings noirs d\u00e9chir\u00e9s"},"content":{"rendered":"<p>Les d\u00e9chirures frontales transforment ce legging en un v\u00eatement \u00e0 la mode tout en donnant de la force \u00e0 vos exercices de muscu.<br \/>\nCes leggings de qualit\u00e9 restent \u00e9lastiques et r\u00e9sistants, assurant \u00e9galement une respirabilit\u00e9 optimale.<\/p>\n<ul>\n<li><strong>Mat\u00e9riaux<\/strong> : Spandex, Coton, Polyester<\/li>\n<li><strong>Taille<\/strong> : Haute<\/li>\n<li><strong>Longueur<\/strong> : Longueur cheville<\/li>\n<\/ul>\n","protected":false},"excerpt":{"rendered":"<p>Ce legging noir d\u00e9chir\u00e9 est \u00e9lastique et r\u00e9sistant pour tous vos exercices, tout en vous assurant d&rsquo;\u00eatre au top de la mode.<\/p>\n","protected":false},"featured_media":2149,"comment_status":"open","ping_status":"closed","template":"","meta":[],"product_brand":[],"product_cat":[179],"product_tag":[],"class_list":{"0":"post-5765","1":"product","2":"type-product","3":"status-publish","4":"has-post-thumbnail","6":"product_cat-leggings-noirs","8":"first","9":"instock","10":"taxable","11":"shipping-taxable","12":"purchasable","13":"product-type-variable","14":"has-default-attributes"},"_links":{"self":[{"href":"https:\/\/www.leggingbay.com\/fr\/wp-json\/wp\/v2\/product\/5765","targetHints":{"allow":["GET"]}}],"collection":[{"href":"https:\/\/www.leggingbay.com\/fr\/wp-json\/wp\/v2\/product"}],"about":[{"href":"https:\/\/www.leggingbay.com\/fr\/wp-json\/wp\/v2\/types\/product"}],"replies":[{"embeddable":true,"href":"https:\/\/www.leggingbay.com\/fr\/wp-json\/wp\/v2\/comments?post=5765"}],"wp:featuredmedia":[{"embeddable":true,"href":"https:\/\/www.leggingbay.com\/fr\/wp-json\/wp\/v2\/media\/2149"}],"wp:attachment":[{"href":"https:\/\/www.leggingbay.com\/fr\/wp-json\/wp\/v2\/media?parent=5765"}],"wp:term":[{"taxonomy":"product_brand","embeddable":true,"href":"https:\/\/www.leggingbay.com\/fr\/wp-json\/wp\/v2\/product_brand?post=5765"},{"taxonomy":"product_cat","embeddable":true,"href":"https:\/\/www.leggingbay.com\/fr\/wp-json\/wp\/v2\/product_cat?post=5765"},{"taxonomy":"product_tag","embeddable":true,"href":"https:\/\/www.leggingbay.com\/fr\/wp-json\/wp\/v2\/product_tag?post=5765"}],"curies":[{"name":"wp","href":"https:\/\/api.w.org\/{rel}","templated":true}]}}