{"id":5804,"date":"2019-06-21T19:22:20","date_gmt":"2019-06-21T17:22:20","guid":{"rendered":"https:\/\/www.leggingbay.com\/legging\/womens-space-printed-fitness-leggings\/"},"modified":"2023-03-29T12:06:59","modified_gmt":"2023-03-29T10:06:59","slug":"fullstars-leggings-imprimes-espace","status":"publish","type":"product","link":"https:\/\/www.leggingbay.com\/fr\/legging\/fullstars-leggings-imprimes-espace\/","title":{"rendered":"FullStars | Leggings imprim\u00e9s Espace"},"content":{"rendered":"<p>Ce legging, enti\u00e8rement imprim\u00e9 de galaxies, vous enverra la t\u00eate dans les \u00e9toiles.<br \/>\nAvec un motif m\u00ealant galaxie et nuages d&rsquo;\u00e9toiles, avec de jolis d\u00e9grad\u00e9s de couleurs, ils vous apporteront \u00e9lasticit\u00e9 (gr\u00e2ce \u00e0 l&rsquo;alliance Spandex &amp; Polyester) et confort.<\/p>\n<ul>\n<li><strong>Mat\u00e9riaux<\/strong> : 88% Polyester, 12% Spandex<\/li>\n<li><strong>Longueur<\/strong> : Longueur Cheville<\/li>\n<li><strong>Taille<\/strong> : Milieu<\/li>\n<\/ul>\n","protected":false},"excerpt":{"rendered":"<p>Rendez-vous dans les \u00e9toiles avec ce legging imprim\u00e9 de galaxies, tout en \u00e9tant bien confortable et \u00e0 l&rsquo;aise dans tous vos mouvements.<\/p>\n","protected":false},"featured_media":2162,"comment_status":"open","ping_status":"closed","template":"","meta":[],"product_brand":[],"product_cat":[169,136],"product_tag":[],"class_list":{"0":"post-5804","1":"product","2":"type-product","3":"status-publish","4":"has-post-thumbnail","6":"product_cat-leggings-hauts-en-couleurs","7":"product_cat-leggings-imprimes","9":"first","10":"instock","11":"taxable","12":"shipping-taxable","13":"purchasable","14":"product-type-variable","15":"has-default-attributes"},"_links":{"self":[{"href":"https:\/\/www.leggingbay.com\/fr\/wp-json\/wp\/v2\/product\/5804","targetHints":{"allow":["GET"]}}],"collection":[{"href":"https:\/\/www.leggingbay.com\/fr\/wp-json\/wp\/v2\/product"}],"about":[{"href":"https:\/\/www.leggingbay.com\/fr\/wp-json\/wp\/v2\/types\/product"}],"replies":[{"embeddable":true,"href":"https:\/\/www.leggingbay.com\/fr\/wp-json\/wp\/v2\/comments?post=5804"}],"wp:featuredmedia":[{"embeddable":true,"href":"https:\/\/www.leggingbay.com\/fr\/wp-json\/wp\/v2\/media\/2162"}],"wp:attachment":[{"href":"https:\/\/www.leggingbay.com\/fr\/wp-json\/wp\/v2\/media?parent=5804"}],"wp:term":[{"taxonomy":"product_brand","embeddable":true,"href":"https:\/\/www.leggingbay.com\/fr\/wp-json\/wp\/v2\/product_brand?post=5804"},{"taxonomy":"product_cat","embeddable":true,"href":"https:\/\/www.leggingbay.com\/fr\/wp-json\/wp\/v2\/product_cat?post=5804"},{"taxonomy":"product_tag","embeddable":true,"href":"https:\/\/www.leggingbay.com\/fr\/wp-json\/wp\/v2\/product_tag?post=5804"}],"curies":[{"name":"wp","href":"https:\/\/api.w.org\/{rel}","templated":true}]}}