{"id":5862,"date":"2019-06-21T19:22:18","date_gmt":"2019-06-21T17:22:18","guid":{"rendered":"https:\/\/www.leggingbay.com\/legging\/womens-elastic-striped-sport-leggings\/"},"modified":"2023-03-29T12:07:01","modified_gmt":"2023-03-29T10:07:01","slug":"faststripes-leggings-imprimes-a-bandes-geometriques","status":"publish","type":"product","link":"https:\/\/www.leggingbay.com\/fr\/legging\/faststripes-leggings-imprimes-a-bandes-geometriques\/","title":{"rendered":"FastStripes | Leggings imprim\u00e9s \u00e0 bandes g\u00e9om\u00e9triques"},"content":{"rendered":"<p>Ce legging g\u00e9om\u00e9trique est en accord avec votre d\u00e9termination, votre pers\u00e9v\u00e9rance et votre motivation.<br \/>\nSoyez au top dans vos s\u00e9ances de musculation ou de running avec leur confort, leur a\u00e9ration et leur \u00e9lasticit\u00e9. Leurs formes g\u00e9om\u00e9triques abstraites, parsem\u00e9es de lignes et de d\u00e9grad\u00e9s, se terminent par une couleur bleue pour embellir vos chaussures.<\/p>\n<ul>\n<li><strong>Mat\u00e9riaux<\/strong> : Polyester, Spandex<\/li>\n<li><strong>Taille<\/strong> : Au milieu<\/li>\n<li><strong>Type de fermeture :<\/strong> Ceinture \u00e9lastique<\/li>\n<\/ul>\n","protected":false},"excerpt":{"rendered":"<p>Soyez motiv\u00e9 avec ce legging imprim\u00e9 de g\u00e9om\u00e9tries abstraites ! Souple et respirant, fin mais non transparent (squat-proof), il vous accompagnera dans vos exercices les plus intenses.<\/p>\n","protected":false},"featured_media":2188,"comment_status":"open","ping_status":"closed","template":"","meta":[],"product_brand":[],"product_cat":[174,184,136,179],"product_tag":[],"class_list":{"0":"post-5862","1":"product","2":"type-product","3":"status-publish","4":"has-post-thumbnail","6":"product_cat-leggings-bleus","7":"product_cat-leggings-geometriques","8":"product_cat-leggings-imprimes","9":"product_cat-leggings-noirs","11":"first","12":"instock","13":"taxable","14":"shipping-taxable","15":"purchasable","16":"product-type-variable","17":"has-default-attributes"},"_links":{"self":[{"href":"https:\/\/www.leggingbay.com\/fr\/wp-json\/wp\/v2\/product\/5862","targetHints":{"allow":["GET"]}}],"collection":[{"href":"https:\/\/www.leggingbay.com\/fr\/wp-json\/wp\/v2\/product"}],"about":[{"href":"https:\/\/www.leggingbay.com\/fr\/wp-json\/wp\/v2\/types\/product"}],"replies":[{"embeddable":true,"href":"https:\/\/www.leggingbay.com\/fr\/wp-json\/wp\/v2\/comments?post=5862"}],"wp:featuredmedia":[{"embeddable":true,"href":"https:\/\/www.leggingbay.com\/fr\/wp-json\/wp\/v2\/media\/2188"}],"wp:attachment":[{"href":"https:\/\/www.leggingbay.com\/fr\/wp-json\/wp\/v2\/media?parent=5862"}],"wp:term":[{"taxonomy":"product_brand","embeddable":true,"href":"https:\/\/www.leggingbay.com\/fr\/wp-json\/wp\/v2\/product_brand?post=5862"},{"taxonomy":"product_cat","embeddable":true,"href":"https:\/\/www.leggingbay.com\/fr\/wp-json\/wp\/v2\/product_cat?post=5862"},{"taxonomy":"product_tag","embeddable":true,"href":"https:\/\/www.leggingbay.com\/fr\/wp-json\/wp\/v2\/product_tag?post=5862"}],"curies":[{"name":"wp","href":"https:\/\/api.w.org\/{rel}","templated":true}]}}