{"id":5948,"date":"2019-06-21T19:22:17","date_gmt":"2019-06-21T17:22:17","guid":{"rendered":"https:\/\/www.leggingbay.com\/legging\/womens-leggings-with-geometric-print\/"},"modified":"2023-03-29T12:07:02","modified_gmt":"2023-03-29T10:07:02","slug":"cassemiroir-leggings-imprimes-de-triangles-geometriques","status":"publish","type":"product","link":"https:\/\/www.leggingbay.com\/fr\/legging\/cassemiroir-leggings-imprimes-de-triangles-geometriques\/","title":{"rendered":"CasseMiroir | Leggings imprim\u00e9s de triangles g\u00e9om\u00e9triques"},"content":{"rendered":"<p>Avec une taille mi-haute, ce legging imprim\u00e9 de triangles color\u00e9s fera tourner les t\u00eates \u00e0 la salle. Avec du Spandex pour l&rsquo;\u00e9lasticit\u00e9, soyez moderne avec ce legging qui pr\u00e9sente un m\u00e9lange de triangles bleu, rose et violet, sur fond noir.<\/p>\n<ul>\n<li><strong>Mat\u00e9riaux<\/strong> : Polyester, Spandex<\/li>\n<li><strong>Taille<\/strong> : Milieu<\/li>\n<li><strong>Longueur<\/strong> : Mi-mollet<\/li>\n<\/ul>\n","protected":false},"excerpt":{"rendered":"<p>Avec une taille mi-haute, ce legging imprim\u00e9 de triangles color\u00e9s fera tourner les t\u00eates \u00e0 la salle.<\/p>\n","protected":false},"featured_media":3937,"comment_status":"open","ping_status":"closed","template":"","meta":[],"product_brand":[],"product_cat":[184,169,136],"product_tag":[],"class_list":{"0":"post-5948","1":"product","2":"type-product","3":"status-publish","4":"has-post-thumbnail","6":"product_cat-leggings-geometriques","7":"product_cat-leggings-hauts-en-couleurs","8":"product_cat-leggings-imprimes","10":"first","11":"outofstock","12":"taxable","13":"shipping-taxable","14":"purchasable","15":"product-type-variable","16":"has-default-attributes"},"_links":{"self":[{"href":"https:\/\/www.leggingbay.com\/fr\/wp-json\/wp\/v2\/product\/5948","targetHints":{"allow":["GET"]}}],"collection":[{"href":"https:\/\/www.leggingbay.com\/fr\/wp-json\/wp\/v2\/product"}],"about":[{"href":"https:\/\/www.leggingbay.com\/fr\/wp-json\/wp\/v2\/types\/product"}],"replies":[{"embeddable":true,"href":"https:\/\/www.leggingbay.com\/fr\/wp-json\/wp\/v2\/comments?post=5948"}],"wp:featuredmedia":[{"embeddable":true,"href":"https:\/\/www.leggingbay.com\/fr\/wp-json\/wp\/v2\/media\/3937"}],"wp:attachment":[{"href":"https:\/\/www.leggingbay.com\/fr\/wp-json\/wp\/v2\/media?parent=5948"}],"wp:term":[{"taxonomy":"product_brand","embeddable":true,"href":"https:\/\/www.leggingbay.com\/fr\/wp-json\/wp\/v2\/product_brand?post=5948"},{"taxonomy":"product_cat","embeddable":true,"href":"https:\/\/www.leggingbay.com\/fr\/wp-json\/wp\/v2\/product_cat?post=5948"},{"taxonomy":"product_tag","embeddable":true,"href":"https:\/\/www.leggingbay.com\/fr\/wp-json\/wp\/v2\/product_tag?post=5948"}],"curies":[{"name":"wp","href":"https:\/\/api.w.org\/{rel}","templated":true}]}}