{"id":6034,"date":"2019-06-21T19:22:16","date_gmt":"2019-06-21T17:22:16","guid":{"rendered":"https:\/\/www.leggingbay.com\/legging\/womens-boho-ethnic-printed-leggings\/"},"modified":"2023-03-29T12:07:03","modified_gmt":"2023-03-29T10:07:03","slug":"bosun-leggings-imprimes-boho","status":"publish","type":"product","link":"https:\/\/www.leggingbay.com\/fr\/legging\/bosun-leggings-imprimes-boho\/","title":{"rendered":"BoSun | Leggings imprim\u00e9s Boho"},"content":{"rendered":"<p>Ce legging imprim\u00e9 Hobo illuminera votre journ\u00e9e avec ses motifs artistiques et clairs. De fond blanc, ce legging de qualit\u00e9 ne devient pas transparent lorsqu&rsquo;il est \u00e9tir\u00e9.<\/p>\n<p>Faites tous vos mouvements sans soucis avec ce legging Hobo !<\/p>\n<ul>\n<li><strong>Mat\u00e9riaux<\/strong> : Spandex, Polyester<\/li>\n<li><strong>Taille<\/strong> : Haute<\/li>\n<li><strong>Longueur<\/strong> : Longueur cheville<\/li>\n<\/ul>\n<p><em>Si vous vous trouvez entre deux tailles au niveau du tableau des tailles, il est conseill\u00e9 de prendre la taille en-dessous.<\/em><\/p>\n","protected":false},"excerpt":{"rendered":"<p>Illuminez vos s\u00e9ances avec le legging imprim\u00e9 Hobo, eslastique et respirant.<\/p>\n","protected":false},"featured_media":2198,"comment_status":"open","ping_status":"closed","template":"","meta":[],"product_brand":[],"product_cat":[136],"product_tag":[],"class_list":{"0":"post-6034","1":"product","2":"type-product","3":"status-publish","4":"has-post-thumbnail","6":"product_cat-leggings-imprimes","8":"first","9":"instock","10":"taxable","11":"shipping-taxable","12":"purchasable","13":"product-type-variable","14":"has-default-attributes"},"_links":{"self":[{"href":"https:\/\/www.leggingbay.com\/fr\/wp-json\/wp\/v2\/product\/6034","targetHints":{"allow":["GET"]}}],"collection":[{"href":"https:\/\/www.leggingbay.com\/fr\/wp-json\/wp\/v2\/product"}],"about":[{"href":"https:\/\/www.leggingbay.com\/fr\/wp-json\/wp\/v2\/types\/product"}],"replies":[{"embeddable":true,"href":"https:\/\/www.leggingbay.com\/fr\/wp-json\/wp\/v2\/comments?post=6034"}],"wp:featuredmedia":[{"embeddable":true,"href":"https:\/\/www.leggingbay.com\/fr\/wp-json\/wp\/v2\/media\/2198"}],"wp:attachment":[{"href":"https:\/\/www.leggingbay.com\/fr\/wp-json\/wp\/v2\/media?parent=6034"}],"wp:term":[{"taxonomy":"product_brand","embeddable":true,"href":"https:\/\/www.leggingbay.com\/fr\/wp-json\/wp\/v2\/product_brand?post=6034"},{"taxonomy":"product_cat","embeddable":true,"href":"https:\/\/www.leggingbay.com\/fr\/wp-json\/wp\/v2\/product_cat?post=6034"},{"taxonomy":"product_tag","embeddable":true,"href":"https:\/\/www.leggingbay.com\/fr\/wp-json\/wp\/v2\/product_tag?post=6034"}],"curies":[{"name":"wp","href":"https:\/\/api.w.org\/{rel}","templated":true}]}}