{"id":6076,"date":"2019-06-21T19:22:15","date_gmt":"2019-06-21T17:22:15","guid":{"rendered":"https:\/\/www.leggingbay.com\/legging\/women-striped-leggings-with-arrows\/"},"modified":"2023-03-29T12:07:05","modified_gmt":"2023-03-29T10:07:05","slug":"rainbowhull-leggings-imprimes-colores","status":"publish","type":"product","link":"https:\/\/www.leggingbay.com\/fr\/legging\/rainbowhull-leggings-imprimes-colores\/","title":{"rendered":"RainbowHull | Leggings imprim\u00e9s color\u00e9s"},"content":{"rendered":"<p>Et si vous ajoutiez de la couleur \u00e0 vos v\u00eatements de sport ? Ce legging imprim\u00e9 color\u00e9 ajoutera de la bonne humeur \u00e0 vos s\u00e9ances, tout en assurant vos arri\u00e8res en n&rsquo;\u00e9tant pas transparent et en restant \u00e9lastique. Des d\u00e9grad\u00e9s de bleu, de rose et de rouge avec des fl\u00e8ches blanches sur les c\u00f4t\u00e9s, vous allez adorer ce legging color\u00e9 !<\/p>\n<ul>\n<li><strong>Taille Unique<\/strong> : Convient pour XS \u00e0 L<\/li>\n<li><strong>Taille<\/strong> : Milieu<\/li>\n<li><strong>Longueur<\/strong> : Longueur cheville<\/li>\n<li><strong>Mat\u00e9riaux<\/strong> :\u00a0Coton, Polyester<\/li>\n<\/ul>\n","protected":false},"excerpt":{"rendered":"<p>Sortez des leggings noirs classiques avec ce legging joliment color\u00e9, pour apporter plus de bonne humeur et de lumi\u00e8re \u00e0 la salle.<\/p>\n","protected":false},"featured_media":2238,"comment_status":"open","ping_status":"closed","template":"","meta":[],"product_brand":[],"product_cat":[169,136],"product_tag":[],"class_list":{"0":"post-6076","1":"product","2":"type-product","3":"status-publish","4":"has-post-thumbnail","6":"product_cat-leggings-hauts-en-couleurs","7":"product_cat-leggings-imprimes","9":"first","10":"instock","11":"taxable","12":"shipping-taxable","13":"purchasable","14":"product-type-variable","15":"has-default-attributes"},"_links":{"self":[{"href":"https:\/\/www.leggingbay.com\/fr\/wp-json\/wp\/v2\/product\/6076","targetHints":{"allow":["GET"]}}],"collection":[{"href":"https:\/\/www.leggingbay.com\/fr\/wp-json\/wp\/v2\/product"}],"about":[{"href":"https:\/\/www.leggingbay.com\/fr\/wp-json\/wp\/v2\/types\/product"}],"replies":[{"embeddable":true,"href":"https:\/\/www.leggingbay.com\/fr\/wp-json\/wp\/v2\/comments?post=6076"}],"wp:featuredmedia":[{"embeddable":true,"href":"https:\/\/www.leggingbay.com\/fr\/wp-json\/wp\/v2\/media\/2238"}],"wp:attachment":[{"href":"https:\/\/www.leggingbay.com\/fr\/wp-json\/wp\/v2\/media?parent=6076"}],"wp:term":[{"taxonomy":"product_brand","embeddable":true,"href":"https:\/\/www.leggingbay.com\/fr\/wp-json\/wp\/v2\/product_brand?post=6076"},{"taxonomy":"product_cat","embeddable":true,"href":"https:\/\/www.leggingbay.com\/fr\/wp-json\/wp\/v2\/product_cat?post=6076"},{"taxonomy":"product_tag","embeddable":true,"href":"https:\/\/www.leggingbay.com\/fr\/wp-json\/wp\/v2\/product_tag?post=6076"}],"curies":[{"name":"wp","href":"https:\/\/api.w.org\/{rel}","templated":true}]}}