{"id":6099,"date":"2019-06-21T19:22:15","date_gmt":"2019-06-21T17:22:15","guid":{"rendered":"https:\/\/www.leggingbay.com\/legging\/womens-push-up-running-leggings\/"},"modified":"2019-12-22T17:09:03","modified_gmt":"2019-12-22T16:09:03","slug":"blackbanners-legging-push-up-imprime","status":"publish","type":"product","link":"https:\/\/www.leggingbay.com\/fr\/legging\/blackbanners-legging-push-up-imprime\/","title":{"rendered":"BlackBanners | Legging Push Up imprim\u00e9"},"content":{"rendered":"<p>Ce legging imprim\u00e9 Push-Up vous mettra en valeur, avec ses motifs de banni\u00e8res sur fond fonc\u00e9. Avec la combinaison des couleurs rouge et blanc, vous sentirez le confort et l&rsquo;\u00e9lasticit\u00e9 de ce legging Push-Up lors de votre s\u00e9ance de musculation, au yoga ou m\u00eame lors de votre running.<\/p>\n<ul>\n<li><strong>Mat\u00e9riaux :<\/strong> Polyester, Spandex<\/li>\n<li><strong>Taille<\/strong> : Haute<\/li>\n<li><strong>Longueur<\/strong> : Longueur cheville<\/li>\n<\/ul>\n","protected":false},"excerpt":{"rendered":"<p>Des s\u00e9ances de gym au top niveau avec ce legging Push-Up imprim\u00e9 en duo rouge et blanc sur fond noir.<\/p>\n","protected":false},"featured_media":2265,"comment_status":"open","ping_status":"closed","template":"","meta":[],"product_brand":[],"product_cat":[136,179,208],"product_tag":[],"class_list":{"0":"post-6099","1":"product","2":"type-product","3":"status-publish","4":"has-post-thumbnail","6":"product_cat-leggings-imprimes","7":"product_cat-leggings-noirs","8":"product_cat-leggings-push-up","10":"first","11":"instock","12":"taxable","13":"shipping-taxable","14":"purchasable","15":"product-type-variable","16":"has-default-attributes"},"_links":{"self":[{"href":"https:\/\/www.leggingbay.com\/fr\/wp-json\/wp\/v2\/product\/6099","targetHints":{"allow":["GET"]}}],"collection":[{"href":"https:\/\/www.leggingbay.com\/fr\/wp-json\/wp\/v2\/product"}],"about":[{"href":"https:\/\/www.leggingbay.com\/fr\/wp-json\/wp\/v2\/types\/product"}],"replies":[{"embeddable":true,"href":"https:\/\/www.leggingbay.com\/fr\/wp-json\/wp\/v2\/comments?post=6099"}],"wp:featuredmedia":[{"embeddable":true,"href":"https:\/\/www.leggingbay.com\/fr\/wp-json\/wp\/v2\/media\/2265"}],"wp:attachment":[{"href":"https:\/\/www.leggingbay.com\/fr\/wp-json\/wp\/v2\/media?parent=6099"}],"wp:term":[{"taxonomy":"product_brand","embeddable":true,"href":"https:\/\/www.leggingbay.com\/fr\/wp-json\/wp\/v2\/product_brand?post=6099"},{"taxonomy":"product_cat","embeddable":true,"href":"https:\/\/www.leggingbay.com\/fr\/wp-json\/wp\/v2\/product_cat?post=6099"},{"taxonomy":"product_tag","embeddable":true,"href":"https:\/\/www.leggingbay.com\/fr\/wp-json\/wp\/v2\/product_tag?post=6099"}],"curies":[{"name":"wp","href":"https:\/\/api.w.org\/{rel}","templated":true}]}}