{"id":6144,"date":"2019-06-21T17:51:56","date_gmt":"2019-06-21T15:51:56","guid":{"rendered":"https:\/\/www.leggingbay.com\/legging\/womens-geometric-printed-compression-sports-leggings\/"},"modified":"2019-12-22T17:12:12","modified_gmt":"2019-12-22T16:12:12","slug":"shades-leggings-imprimes-geometriques-gris","status":"publish","type":"product","link":"https:\/\/www.leggingbay.com\/fr\/legging\/shades-leggings-imprimes-geometriques-gris\/","title":{"rendered":"Shades | Leggings imprim\u00e9s g\u00e9om\u00e9triques gris"},"content":{"rendered":"<p>Ce legging aux diff\u00e9rents niveaux de gris refl\u00e8te le mouvement et la vitesse, tout comme vous lors de vos exercices.<br \/>\nLes diff\u00e9rentes formes g\u00e9om\u00e9triques de ce legging imprim\u00e9 montreront aux autres votre motivation.<\/p>\n<ul>\n<li><strong>Taille Unique<\/strong> : Convient pour XS \u00e0 L<\/li>\n<li><strong>Mat\u00e9riaux<\/strong> : Polyester, Spandex<\/li>\n<li><strong>Longueur<\/strong> : Longueur cheville<\/li>\n<li><strong>Type de fermeture<\/strong> : Ceinture \u00e9lastique<\/li>\n<\/ul>\n","protected":false},"excerpt":{"rendered":"<p>Montrez aux autres la force de votre d\u00e9termination avec ce legging g\u00e9om\u00e9trique imprim\u00e9 aux multiples nuances de gris.<\/p>\n","protected":false},"featured_media":2290,"comment_status":"open","ping_status":"closed","template":"","meta":[],"product_brand":[],"product_cat":[135,184,136],"product_tag":[],"class_list":{"0":"post-6144","1":"product","2":"type-product","3":"status-publish","4":"has-post-thumbnail","6":"product_cat-leggings-blancs","7":"product_cat-leggings-geometriques","8":"product_cat-leggings-imprimes","10":"first","11":"instock","12":"taxable","13":"shipping-taxable","14":"purchasable","15":"product-type-variable","16":"has-default-attributes"},"_links":{"self":[{"href":"https:\/\/www.leggingbay.com\/fr\/wp-json\/wp\/v2\/product\/6144","targetHints":{"allow":["GET"]}}],"collection":[{"href":"https:\/\/www.leggingbay.com\/fr\/wp-json\/wp\/v2\/product"}],"about":[{"href":"https:\/\/www.leggingbay.com\/fr\/wp-json\/wp\/v2\/types\/product"}],"replies":[{"embeddable":true,"href":"https:\/\/www.leggingbay.com\/fr\/wp-json\/wp\/v2\/comments?post=6144"}],"wp:featuredmedia":[{"embeddable":true,"href":"https:\/\/www.leggingbay.com\/fr\/wp-json\/wp\/v2\/media\/2290"}],"wp:attachment":[{"href":"https:\/\/www.leggingbay.com\/fr\/wp-json\/wp\/v2\/media?parent=6144"}],"wp:term":[{"taxonomy":"product_brand","embeddable":true,"href":"https:\/\/www.leggingbay.com\/fr\/wp-json\/wp\/v2\/product_brand?post=6144"},{"taxonomy":"product_cat","embeddable":true,"href":"https:\/\/www.leggingbay.com\/fr\/wp-json\/wp\/v2\/product_cat?post=6144"},{"taxonomy":"product_tag","embeddable":true,"href":"https:\/\/www.leggingbay.com\/fr\/wp-json\/wp\/v2\/product_tag?post=6144"}],"curies":[{"name":"wp","href":"https:\/\/api.w.org\/{rel}","templated":true}]}}