{"id":6188,"date":"2019-06-21T17:51:54","date_gmt":"2019-06-21T15:51:54","guid":{"rendered":"https:\/\/www.leggingbay.com\/legging\/blurslit-tranparent-slit-black-leggings\/"},"modified":"2019-12-22T17:15:16","modified_gmt":"2019-12-22T16:15:16","slug":"fendue-leggings-mesh-noirs","status":"publish","type":"product","link":"https:\/\/www.leggingbay.com\/fr\/legging\/fendue-leggings-mesh-noirs\/","title":{"rendered":"Fendue | Leggings Mesh noirs"},"content":{"rendered":"<p>Ces leggings Mesh noirs propose un design simple mais efficace. Imbattable sur la respirabilit\u00e9 avec ses meshs, ces leggings peuvent \u00eatre port\u00e9s :<br \/>\n&#8211; lors de votre sport, pour profiter de son \u00e9lasticit\u00e9 et respirabilit\u00e9 ;<br \/>\n&#8211; \u00e0 la maison ou \u00e0 l&rsquo;ext\u00e9rieur, pour avoir un superbe effet \u00ab\u00a0pantalon-robe\u00a0\u00bb fendu.<\/p>\n<ul>\n<li><strong>Longueur<\/strong> : Long<\/li>\n<li><strong>Mat\u00e9riau<\/strong> : Spandex<\/li>\n<li><strong>Type de fermeture<\/strong> : Ceinture \u00e9lastique<\/li>\n<\/ul>\n","protected":false},"excerpt":{"rendered":"<p>Simple mais efficaces, ces leggings mesh noirs offrent un style de \u00ab\u00a0pantalon-robe\u00a0\u00bb fendu pour vos s\u00e9ances en salle ou pour chiller \u00e0 l&rsquo;ext\u00e9rieur.<\/p>\n","protected":false},"featured_media":2303,"comment_status":"open","ping_status":"closed","template":"","meta":[],"product_brand":[],"product_cat":[179,194],"product_tag":[],"class_list":{"0":"post-6188","1":"product","2":"type-product","3":"status-publish","4":"has-post-thumbnail","6":"product_cat-leggings-noirs","7":"product_cat-leggings-mesh","9":"first","10":"instock","11":"taxable","12":"shipping-taxable","13":"purchasable","14":"product-type-variable","15":"has-default-attributes"},"_links":{"self":[{"href":"https:\/\/www.leggingbay.com\/fr\/wp-json\/wp\/v2\/product\/6188","targetHints":{"allow":["GET"]}}],"collection":[{"href":"https:\/\/www.leggingbay.com\/fr\/wp-json\/wp\/v2\/product"}],"about":[{"href":"https:\/\/www.leggingbay.com\/fr\/wp-json\/wp\/v2\/types\/product"}],"replies":[{"embeddable":true,"href":"https:\/\/www.leggingbay.com\/fr\/wp-json\/wp\/v2\/comments?post=6188"}],"wp:featuredmedia":[{"embeddable":true,"href":"https:\/\/www.leggingbay.com\/fr\/wp-json\/wp\/v2\/media\/2303"}],"wp:attachment":[{"href":"https:\/\/www.leggingbay.com\/fr\/wp-json\/wp\/v2\/media?parent=6188"}],"wp:term":[{"taxonomy":"product_brand","embeddable":true,"href":"https:\/\/www.leggingbay.com\/fr\/wp-json\/wp\/v2\/product_brand?post=6188"},{"taxonomy":"product_cat","embeddable":true,"href":"https:\/\/www.leggingbay.com\/fr\/wp-json\/wp\/v2\/product_cat?post=6188"},{"taxonomy":"product_tag","embeddable":true,"href":"https:\/\/www.leggingbay.com\/fr\/wp-json\/wp\/v2\/product_tag?post=6188"}],"curies":[{"name":"wp","href":"https:\/\/api.w.org\/{rel}","templated":true}]}}