{"id":6362,"date":"2019-06-21T17:51:53","date_gmt":"2019-06-21T15:51:53","guid":{"rendered":"https:\/\/www.leggingbay.com\/legging\/womens-mermaid-fish-scale-printed-leggings\/"},"modified":"2023-03-29T12:07:14","modified_gmt":"2023-03-29T10:07:14","slug":"sirene-ecailles-de-poisson-leggings-imprimes","status":"publish","type":"product","link":"https:\/\/www.leggingbay.com\/fr\/legging\/sirene-ecailles-de-poisson-leggings-imprimes\/","title":{"rendered":"Sir\u00e8ne | Leggings imprim\u00e9s"},"content":{"rendered":"<p>Montrez votre c\u00f4t\u00e9 aquatique avec nos magnifiques leggings imprim\u00e9s d&rsquo;\u00e9cailles de poisson, comme une sir\u00e8ne. Le tr\u00e8s haut niveau de d\u00e9tail et les nuances de bleu rendent ce legging tr\u00e8s agr\u00e9able \u00e0 porter. \u00c9lastique, fin et squat-proof, ce legging de qualit\u00e9 n&rsquo;attend que vous !<\/p>\n<ul>\n<li><strong>Mat\u00e9riaux<\/strong> : Spandex, Polyester<\/li>\n<li><strong>Taille<\/strong> : Haute<\/li>\n<li><strong>Longueur<\/strong> : Longueur cheville<\/li>\n<\/ul>\n","protected":false},"excerpt":{"rendered":"<p>Portez la tendance sir\u00e8ne avec ce legging imprim\u00e9 d&rsquo;\u00e9cailles aquatiques avec un haut niveau de d\u00e9tail et une belle nuance de bleu.<\/p>\n","protected":false},"featured_media":2315,"comment_status":"open","ping_status":"closed","template":"","meta":[],"product_brand":[],"product_cat":[174,136],"product_tag":[],"class_list":{"0":"post-6362","1":"product","2":"type-product","3":"status-publish","4":"has-post-thumbnail","6":"product_cat-leggings-bleus","7":"product_cat-leggings-imprimes","9":"first","10":"instock","11":"taxable","12":"shipping-taxable","13":"purchasable","14":"product-type-variable","15":"has-default-attributes"},"_links":{"self":[{"href":"https:\/\/www.leggingbay.com\/fr\/wp-json\/wp\/v2\/product\/6362","targetHints":{"allow":["GET"]}}],"collection":[{"href":"https:\/\/www.leggingbay.com\/fr\/wp-json\/wp\/v2\/product"}],"about":[{"href":"https:\/\/www.leggingbay.com\/fr\/wp-json\/wp\/v2\/types\/product"}],"replies":[{"embeddable":true,"href":"https:\/\/www.leggingbay.com\/fr\/wp-json\/wp\/v2\/comments?post=6362"}],"wp:featuredmedia":[{"embeddable":true,"href":"https:\/\/www.leggingbay.com\/fr\/wp-json\/wp\/v2\/media\/2315"}],"wp:attachment":[{"href":"https:\/\/www.leggingbay.com\/fr\/wp-json\/wp\/v2\/media?parent=6362"}],"wp:term":[{"taxonomy":"product_brand","embeddable":true,"href":"https:\/\/www.leggingbay.com\/fr\/wp-json\/wp\/v2\/product_brand?post=6362"},{"taxonomy":"product_cat","embeddable":true,"href":"https:\/\/www.leggingbay.com\/fr\/wp-json\/wp\/v2\/product_cat?post=6362"},{"taxonomy":"product_tag","embeddable":true,"href":"https:\/\/www.leggingbay.com\/fr\/wp-json\/wp\/v2\/product_tag?post=6362"}],"curies":[{"name":"wp","href":"https:\/\/api.w.org\/{rel}","templated":true}]}}