{"id":6602,"date":"2019-06-21T17:51:51","date_gmt":"2019-06-21T15:51:51","guid":{"rendered":"https:\/\/www.leggingbay.com\/legging\/sport-noctilucent-leggings-for-women\/"},"modified":"2023-03-29T12:07:24","modified_gmt":"2023-03-29T10:07:24","slug":"reflect-leggings-a-bandes-phosporescentes","status":"publish","type":"product","link":"https:\/\/www.leggingbay.com\/fr\/legging\/reflect-leggings-a-bandes-phosporescentes\/","title":{"rendered":"Reflect | Leggings \u00e0 bandes phosporescentes"},"content":{"rendered":"<p>Ce Leggings \u00e0 rayures phosphorescentes vous mettra en valeur pendant les s\u00e9ances de sport dans l&rsquo;obscurit\u00e9. Avec leurs bandes r\u00e9fl\u00e9chissantes luminuses, ce legging est id\u00e9al pour la zumba, la danse ou les \u00e9v\u00e9nements de nuit, et particuli\u00e8rement en bo\u00eete de nuit ! Fid\u00e8le \u00e0 votre taille, vous resterez \u00e0 l&rsquo;aise avec ces leggings \u00e9lastiques et respirants.<\/p>\n<ul>\n<li><strong>Longueur<\/strong> : Long<\/li>\n<li><strong>Mat\u00e9riaux<\/strong> : Polyester, Spandex<\/li>\n<li><strong>Type de fermeture<\/strong> : Ceinture \u00e9lastique<\/li>\n<\/ul>\n","protected":false},"excerpt":{"rendered":"<p>Sortez de l&rsquo;obscurit\u00e9 avec ces leggings noirs avec des bandes phosphorescentes color\u00e9es, id\u00e9ales pour les s\u00e9ances ou les soir\u00e9es avec son &amp; lumi\u00e8re.<\/p>\n","protected":false},"featured_media":2349,"comment_status":"open","ping_status":"closed","template":"","meta":[],"product_brand":[],"product_cat":[189,169,179],"product_tag":[],"class_list":{"0":"post-6602","1":"product","2":"type-product","3":"status-publish","4":"has-post-thumbnail","6":"product_cat-leggings-en-plusieurs-couleurs","7":"product_cat-leggings-hauts-en-couleurs","8":"product_cat-leggings-noirs","10":"first","11":"instock","12":"taxable","13":"shipping-taxable","14":"purchasable","15":"product-type-variable","16":"has-default-attributes"},"_links":{"self":[{"href":"https:\/\/www.leggingbay.com\/fr\/wp-json\/wp\/v2\/product\/6602","targetHints":{"allow":["GET"]}}],"collection":[{"href":"https:\/\/www.leggingbay.com\/fr\/wp-json\/wp\/v2\/product"}],"about":[{"href":"https:\/\/www.leggingbay.com\/fr\/wp-json\/wp\/v2\/types\/product"}],"replies":[{"embeddable":true,"href":"https:\/\/www.leggingbay.com\/fr\/wp-json\/wp\/v2\/comments?post=6602"}],"wp:featuredmedia":[{"embeddable":true,"href":"https:\/\/www.leggingbay.com\/fr\/wp-json\/wp\/v2\/media\/2349"}],"wp:attachment":[{"href":"https:\/\/www.leggingbay.com\/fr\/wp-json\/wp\/v2\/media?parent=6602"}],"wp:term":[{"taxonomy":"product_brand","embeddable":true,"href":"https:\/\/www.leggingbay.com\/fr\/wp-json\/wp\/v2\/product_brand?post=6602"},{"taxonomy":"product_cat","embeddable":true,"href":"https:\/\/www.leggingbay.com\/fr\/wp-json\/wp\/v2\/product_cat?post=6602"},{"taxonomy":"product_tag","embeddable":true,"href":"https:\/\/www.leggingbay.com\/fr\/wp-json\/wp\/v2\/product_tag?post=6602"}],"curies":[{"name":"wp","href":"https:\/\/api.w.org\/{rel}","templated":true}]}}