{"id":6723,"date":"2019-06-21T17:41:26","date_gmt":"2019-06-21T15:41:26","guid":{"rendered":"https:\/\/www.leggingbay.com\/legging\/knot-drawstring-black-leggings\/"},"modified":"2023-03-29T12:06:19","modified_gmt":"2023-03-29T10:06:19","slug":"knot-leggings-noirs-avec-noeud","status":"publish","type":"product","link":"https:\/\/www.leggingbay.com\/fr\/legging\/knot-leggings-noirs-avec-noeud\/","title":{"rendered":"Knot | Leggings noirs avec noeud"},"content":{"rendered":"<p>Portez plus que de simples leggings avec ces leggings noirs avec un lien de serrage, qui ajoutera du style et de l&rsquo;\u00e9l\u00e9gance \u00e0 vos bas.<br \/>\n\u00c9lastique et tr\u00e8s respirant, ce legging noir allie confort et style.<\/p>\n<p><strong>Mat\u00e9riaux<\/strong> : Polyester, Spandex<br \/>\n<strong>Design<\/strong> : Lien de serrage, Taille moyenne<br \/>\n<strong>Longueur<\/strong> : Longueur cheville<\/p>\n","protected":false},"excerpt":{"rendered":"<p>Ajoutez du mouvement et de l&rsquo;\u00e9l\u00e9gance avec ces leggings noirs avec un cordon \u00e9l\u00e9gant, id\u00e9al pour les s\u00e9ances n\u00e9cessitant de grands mouvements comme la zumba.<\/p>\n","protected":false},"featured_media":2367,"comment_status":"open","ping_status":"closed","template":"","meta":[],"product_brand":[],"product_cat":[179],"product_tag":[],"class_list":{"0":"post-6723","1":"product","2":"type-product","3":"status-publish","4":"has-post-thumbnail","6":"product_cat-leggings-noirs","8":"first","9":"instock","10":"taxable","11":"shipping-taxable","12":"purchasable","13":"product-type-variable","14":"has-default-attributes"},"_links":{"self":[{"href":"https:\/\/www.leggingbay.com\/fr\/wp-json\/wp\/v2\/product\/6723","targetHints":{"allow":["GET"]}}],"collection":[{"href":"https:\/\/www.leggingbay.com\/fr\/wp-json\/wp\/v2\/product"}],"about":[{"href":"https:\/\/www.leggingbay.com\/fr\/wp-json\/wp\/v2\/types\/product"}],"replies":[{"embeddable":true,"href":"https:\/\/www.leggingbay.com\/fr\/wp-json\/wp\/v2\/comments?post=6723"}],"wp:featuredmedia":[{"embeddable":true,"href":"https:\/\/www.leggingbay.com\/fr\/wp-json\/wp\/v2\/media\/2367"}],"wp:attachment":[{"href":"https:\/\/www.leggingbay.com\/fr\/wp-json\/wp\/v2\/media?parent=6723"}],"wp:term":[{"taxonomy":"product_brand","embeddable":true,"href":"https:\/\/www.leggingbay.com\/fr\/wp-json\/wp\/v2\/product_brand?post=6723"},{"taxonomy":"product_cat","embeddable":true,"href":"https:\/\/www.leggingbay.com\/fr\/wp-json\/wp\/v2\/product_cat?post=6723"},{"taxonomy":"product_tag","embeddable":true,"href":"https:\/\/www.leggingbay.com\/fr\/wp-json\/wp\/v2\/product_tag?post=6723"}],"curies":[{"name":"wp","href":"https:\/\/api.w.org\/{rel}","templated":true}]}}