{"id":6789,"date":"2019-06-21T17:41:25","date_gmt":"2019-06-21T15:41:25","guid":{"rendered":"https:\/\/www.leggingbay.com\/legging\/grenat-colorful-geometric-printed-leggings\/"},"modified":"2023-03-29T12:07:30","modified_gmt":"2023-03-29T10:07:30","slug":"grenat-leggings-imprimes-geometriques-colores","status":"publish","type":"product","link":"https:\/\/www.leggingbay.com\/fr\/legging\/grenat-leggings-imprimes-geometriques-colores\/","title":{"rendered":"Grenat | Leggings imprim\u00e9s g\u00e9om\u00e9triques color\u00e9s"},"content":{"rendered":"<p>Ce legging imprim\u00e9 g\u00e9om\u00e9triquement sera aussi lumineux que votre teint, lors de vos s\u00e9ances de zumba, de fitdance ou de pilates par exemple. Squat-proof, ils ne deviennent pas transparents, en plus d&rsquo;\u00eatre \u00e9lastiques et respirants.<\/p>\n<ul>\n<li><strong>Mat\u00e9riaux<\/strong> : Spandex, Polyester<\/li>\n<li><strong>Taille<\/strong> : Haute<\/li>\n<li><strong>Longueur<\/strong> : Longueur cheville<\/li>\n<li><strong>Taille Unique<\/strong> : Convient de XS \u00e0 L<\/li>\n<\/ul>\n","protected":false},"excerpt":{"rendered":"<p>Soyez brillant avec ces leggings color\u00e9s imprim\u00e9s avec des formes g\u00e9om\u00e9triques. Combinez un design moderne et color\u00e9 avec vos journ\u00e9es sportives.<\/p>\n","protected":false},"featured_media":2381,"comment_status":"open","ping_status":"closed","template":"","meta":[],"product_brand":[],"product_cat":[169,136],"product_tag":[],"class_list":{"0":"post-6789","1":"product","2":"type-product","3":"status-publish","4":"has-post-thumbnail","6":"product_cat-leggings-hauts-en-couleurs","7":"product_cat-leggings-imprimes","9":"first","10":"instock","11":"taxable","12":"shipping-taxable","13":"purchasable","14":"product-type-variable","15":"has-default-attributes"},"_links":{"self":[{"href":"https:\/\/www.leggingbay.com\/fr\/wp-json\/wp\/v2\/product\/6789","targetHints":{"allow":["GET"]}}],"collection":[{"href":"https:\/\/www.leggingbay.com\/fr\/wp-json\/wp\/v2\/product"}],"about":[{"href":"https:\/\/www.leggingbay.com\/fr\/wp-json\/wp\/v2\/types\/product"}],"replies":[{"embeddable":true,"href":"https:\/\/www.leggingbay.com\/fr\/wp-json\/wp\/v2\/comments?post=6789"}],"wp:featuredmedia":[{"embeddable":true,"href":"https:\/\/www.leggingbay.com\/fr\/wp-json\/wp\/v2\/media\/2381"}],"wp:attachment":[{"href":"https:\/\/www.leggingbay.com\/fr\/wp-json\/wp\/v2\/media?parent=6789"}],"wp:term":[{"taxonomy":"product_brand","embeddable":true,"href":"https:\/\/www.leggingbay.com\/fr\/wp-json\/wp\/v2\/product_brand?post=6789"},{"taxonomy":"product_cat","embeddable":true,"href":"https:\/\/www.leggingbay.com\/fr\/wp-json\/wp\/v2\/product_cat?post=6789"},{"taxonomy":"product_tag","embeddable":true,"href":"https:\/\/www.leggingbay.com\/fr\/wp-json\/wp\/v2\/product_tag?post=6789"}],"curies":[{"name":"wp","href":"https:\/\/api.w.org\/{rel}","templated":true}]}}