{"id":6801,"date":"2019-06-21T17:41:25","date_gmt":"2019-06-21T15:41:25","guid":{"rendered":"https:\/\/www.leggingbay.com\/legging\/mpanel-black-mesh-leggings\/"},"modified":"2019-12-22T17:23:48","modified_gmt":"2019-12-22T16:23:48","slug":"mpanel-leggings-mesh-noirs","status":"publish","type":"product","link":"https:\/\/www.leggingbay.com\/fr\/legging\/mpanel-leggings-mesh-noirs\/","title":{"rendered":"MPanel | Leggings Mesh noirs"},"content":{"rendered":"<p>Ce legging noir est \u00e9quip\u00e9 de panneaux en maille (mesh) pour une ventilation optimale. Noir, gris et une touche de blanc, ce legging mesh se concentrent sur votre entra\u00eenement et vos performances, alliant confort et efficacit\u00e9.<\/p>\n<ul>\n<li><strong>Longueur<\/strong> : Longueur cheville<\/li>\n<li><strong>Mat\u00e9riaux<\/strong> : Polyester, Spandex<\/li>\n<li><strong>Taille<\/strong> : Moyenne<\/li>\n<\/ul>\n","protected":false},"excerpt":{"rendered":"<p>Ce legging noir comporte des zones ventil\u00e9es pour une respirabilit\u00e9 optimale, afin d&rsquo;am\u00e9liorer l&rsquo;efficacit\u00e9 de vos performances.<\/p>\n","protected":false},"featured_media":2374,"comment_status":"open","ping_status":"closed","template":"","meta":[],"product_brand":[],"product_cat":[179,194],"product_tag":[],"class_list":{"0":"post-6801","1":"product","2":"type-product","3":"status-publish","4":"has-post-thumbnail","6":"product_cat-leggings-noirs","7":"product_cat-leggings-mesh","9":"first","10":"outofstock","11":"taxable","12":"shipping-taxable","13":"purchasable","14":"product-type-variable","15":"has-default-attributes"},"_links":{"self":[{"href":"https:\/\/www.leggingbay.com\/fr\/wp-json\/wp\/v2\/product\/6801","targetHints":{"allow":["GET"]}}],"collection":[{"href":"https:\/\/www.leggingbay.com\/fr\/wp-json\/wp\/v2\/product"}],"about":[{"href":"https:\/\/www.leggingbay.com\/fr\/wp-json\/wp\/v2\/types\/product"}],"replies":[{"embeddable":true,"href":"https:\/\/www.leggingbay.com\/fr\/wp-json\/wp\/v2\/comments?post=6801"}],"wp:featuredmedia":[{"embeddable":true,"href":"https:\/\/www.leggingbay.com\/fr\/wp-json\/wp\/v2\/media\/2374"}],"wp:attachment":[{"href":"https:\/\/www.leggingbay.com\/fr\/wp-json\/wp\/v2\/media?parent=6801"}],"wp:term":[{"taxonomy":"product_brand","embeddable":true,"href":"https:\/\/www.leggingbay.com\/fr\/wp-json\/wp\/v2\/product_brand?post=6801"},{"taxonomy":"product_cat","embeddable":true,"href":"https:\/\/www.leggingbay.com\/fr\/wp-json\/wp\/v2\/product_cat?post=6801"},{"taxonomy":"product_tag","embeddable":true,"href":"https:\/\/www.leggingbay.com\/fr\/wp-json\/wp\/v2\/product_tag?post=6801"}],"curies":[{"name":"wp","href":"https:\/\/api.w.org\/{rel}","templated":true}]}}