{"id":6956,"date":"2019-06-21T17:41:23","date_gmt":"2019-06-21T15:41:23","guid":{"rendered":"https:\/\/www.leggingbay.com\/legging\/tied-black-mesh-leggings\/"},"modified":"2021-11-01T07:07:33","modified_gmt":"2021-11-01T06:07:33","slug":"tied-leggings-noirs-mesh","status":"publish","type":"product","link":"https:\/\/www.leggingbay.com\/fr\/legging\/tied-leggings-noirs-mesh\/","title":{"rendered":"Tied | Leggings noirs Mesh"},"content":{"rendered":"<p>Combinez respirabilit\u00e9 et style avec ce legging noir confortable et \u00e9lastique en mailles (mesh). Ce legging, avec des panneaux de maille de chaque c\u00f4t\u00e9, r\u00e9v\u00e9lera subtilement vos belles jambes, tout en rendant votre s\u00e9ance d&rsquo;entra\u00eenement plus efficace au niveau de la gestion de transpiration.<\/p>\n<ul>\n<li><strong>Mat\u00e9riaux<\/strong> : Spandex, Polyester<\/li>\n<li><strong>Taille<\/strong> : Milieu<\/li>\n<li><strong>Longueur<\/strong> : Longueur cheville<\/li>\n<\/ul>\n","protected":false},"excerpt":{"rendered":"<p>Ce legging, avec des panneaux de maille de chaque c\u00f4t\u00e9, vous apportera une respirabilit\u00e9 au top, tout en montrant subtilement un aper\u00e7u de vos superbes jambes.<\/p>\n","protected":false},"featured_media":2431,"comment_status":"open","ping_status":"closed","template":"","meta":[],"product_brand":[],"product_cat":[179,194],"product_tag":[],"class_list":{"0":"post-6956","1":"product","2":"type-product","3":"status-publish","4":"has-post-thumbnail","6":"product_cat-leggings-noirs","7":"product_cat-leggings-mesh","9":"first","10":"instock","11":"taxable","12":"shipping-taxable","13":"purchasable","14":"product-type-variable","15":"has-default-attributes"},"_links":{"self":[{"href":"https:\/\/www.leggingbay.com\/fr\/wp-json\/wp\/v2\/product\/6956","targetHints":{"allow":["GET"]}}],"collection":[{"href":"https:\/\/www.leggingbay.com\/fr\/wp-json\/wp\/v2\/product"}],"about":[{"href":"https:\/\/www.leggingbay.com\/fr\/wp-json\/wp\/v2\/types\/product"}],"replies":[{"embeddable":true,"href":"https:\/\/www.leggingbay.com\/fr\/wp-json\/wp\/v2\/comments?post=6956"}],"wp:featuredmedia":[{"embeddable":true,"href":"https:\/\/www.leggingbay.com\/fr\/wp-json\/wp\/v2\/media\/2431"}],"wp:attachment":[{"href":"https:\/\/www.leggingbay.com\/fr\/wp-json\/wp\/v2\/media?parent=6956"}],"wp:term":[{"taxonomy":"product_brand","embeddable":true,"href":"https:\/\/www.leggingbay.com\/fr\/wp-json\/wp\/v2\/product_brand?post=6956"},{"taxonomy":"product_cat","embeddable":true,"href":"https:\/\/www.leggingbay.com\/fr\/wp-json\/wp\/v2\/product_cat?post=6956"},{"taxonomy":"product_tag","embeddable":true,"href":"https:\/\/www.leggingbay.com\/fr\/wp-json\/wp\/v2\/product_tag?post=6956"}],"curies":[{"name":"wp","href":"https:\/\/api.w.org\/{rel}","templated":true}]}}