{"id":7014,"date":"2019-06-21T17:41:22","date_gmt":"2019-06-21T15:41:22","guid":{"rendered":"https:\/\/www.leggingbay.com\/legging\/womens-leaf-patterned-sport-leggings\/"},"modified":"2024-09-09T22:58:31","modified_gmt":"2024-09-09T20:58:31","slug":"waterlily-7-8-leggings-imprimes-colores","status":"publish","type":"product","link":"https:\/\/www.leggingbay.com\/fr\/legging\/waterlily-7-8-leggings-imprimes-colores\/","title":{"rendered":"WaterLily | 7\/8 Leggings imprim\u00e9s color\u00e9s"},"content":{"rendered":"<p>Ce legging imprim\u00e9 aux couleurs magnifiques mettra en valeur votre style avec sa longueur 7\/8. Repr\u00e9sentant une abstraction tr\u00e8s color\u00e9e et contrast\u00e9e de fleurs oranges sur fond bleu royal, ce legging d&rsquo;inspiration estivale reste tr\u00e8s \u00e9lastique (gr\u00e2ce au Spandex) et respirant. Vous pouvez les porter \u00e0 la salle ou \u00e0 la plage !<\/p>\n<ul>\n<li><strong>Longueur<\/strong> : 7\/8<\/li>\n<li><strong>Mat\u00e9riaux<\/strong> : Spandex, Polyester<\/li>\n<li><strong>Type de fermeture<\/strong> : Ceinture \u00e9lastique<\/li>\n<\/ul>\n","protected":false},"excerpt":{"rendered":"<p>Ce legging imprim\u00e9 d&rsquo;une abstraction contrast\u00e9e de fleurs de n\u00e9nuphar orange sur fond bleu royal refl\u00e8tera parfaitement votre d\u00e9sir d&rsquo;\u00e9t\u00e9.<\/p>\n","protected":false},"featured_media":2438,"comment_status":"open","ping_status":"closed","template":"","meta":[],"product_brand":[],"product_cat":[174,169,136],"product_tag":[],"class_list":{"0":"post-7014","1":"product","2":"type-product","3":"status-publish","4":"has-post-thumbnail","6":"product_cat-leggings-bleus","7":"product_cat-leggings-hauts-en-couleurs","8":"product_cat-leggings-imprimes","10":"first","11":"instock","12":"taxable","13":"shipping-taxable","14":"purchasable","15":"product-type-variable","16":"has-default-attributes"},"_links":{"self":[{"href":"https:\/\/www.leggingbay.com\/fr\/wp-json\/wp\/v2\/product\/7014","targetHints":{"allow":["GET"]}}],"collection":[{"href":"https:\/\/www.leggingbay.com\/fr\/wp-json\/wp\/v2\/product"}],"about":[{"href":"https:\/\/www.leggingbay.com\/fr\/wp-json\/wp\/v2\/types\/product"}],"replies":[{"embeddable":true,"href":"https:\/\/www.leggingbay.com\/fr\/wp-json\/wp\/v2\/comments?post=7014"}],"wp:featuredmedia":[{"embeddable":true,"href":"https:\/\/www.leggingbay.com\/fr\/wp-json\/wp\/v2\/media\/2438"}],"wp:attachment":[{"href":"https:\/\/www.leggingbay.com\/fr\/wp-json\/wp\/v2\/media?parent=7014"}],"wp:term":[{"taxonomy":"product_brand","embeddable":true,"href":"https:\/\/www.leggingbay.com\/fr\/wp-json\/wp\/v2\/product_brand?post=7014"},{"taxonomy":"product_cat","embeddable":true,"href":"https:\/\/www.leggingbay.com\/fr\/wp-json\/wp\/v2\/product_cat?post=7014"},{"taxonomy":"product_tag","embeddable":true,"href":"https:\/\/www.leggingbay.com\/fr\/wp-json\/wp\/v2\/product_tag?post=7014"}],"curies":[{"name":"wp","href":"https:\/\/api.w.org\/{rel}","templated":true}]}}