{"id":7144,"date":"2019-06-21T17:36:20","date_gmt":"2019-06-21T15:36:20","guid":{"rendered":"https:\/\/www.leggingbay.com\/legging\/kilkor-mint-mandala-printed-leggings\/"},"modified":"2023-03-29T12:06:30","modified_gmt":"2023-03-29T10:06:30","slug":"kilkor-leggings-imprimes-mandala","status":"publish","type":"product","link":"https:\/\/www.leggingbay.com\/fr\/legging\/kilkor-leggings-imprimes-mandala\/","title":{"rendered":"Kilkor | Leggings imprim\u00e9s Mandala"},"content":{"rendered":"<p>Pratiquez votre yoga avec ces magnifiques leggings imprim\u00e9s Mandala. Les motifs repr\u00e9sentent des cercles g\u00e9om\u00e9triques (\u0f51\u0f40\u0fb1\u0f72\u0f63\u0f0b\u0f60\u0f41\u0f7c\u0f62 en Tib\u00e9tain, signifiant cercle, puis par extension sph\u00e8re, communaut\u00e9, environnement) superbement dessin\u00e9 sous un d\u00e9grad\u00e9 color\u00e9 de bleu et d&rsquo;orange. Respirant et \u00e9lastique, soyez le plus apais\u00e9 pendant votre s\u00e9ance de yoga.<\/p>\n<ul>\n<li><strong>Taille Unique<\/strong> : Convient de XS \u00e0 L<\/li>\n<li><strong>Mat\u00e9riaux<\/strong> : Spandex, Polyester<\/li>\n<li><strong>Taille<\/strong> : Haute<\/li>\n<li><strong>Longueur<\/strong> : Longueur cheville<\/li>\n<\/ul>\n","protected":false},"excerpt":{"rendered":"<p>Soyez apais\u00e9 pendant votre yoga avec ces magnifiques leggings imprim\u00e9s Mandala, dessin\u00e9s sous un d\u00e9grad\u00e9 de bleu et d&rsquo;orange.<\/p>\n","protected":false},"featured_media":2451,"comment_status":"open","ping_status":"closed","template":"","meta":[],"product_brand":[],"product_cat":[135,184,169],"product_tag":[],"class_list":{"0":"post-7144","1":"product","2":"type-product","3":"status-publish","4":"has-post-thumbnail","6":"product_cat-leggings-blancs","7":"product_cat-leggings-geometriques","8":"product_cat-leggings-hauts-en-couleurs","10":"first","11":"instock","12":"taxable","13":"shipping-taxable","14":"purchasable","15":"product-type-variable","16":"has-default-attributes"},"_links":{"self":[{"href":"https:\/\/www.leggingbay.com\/fr\/wp-json\/wp\/v2\/product\/7144","targetHints":{"allow":["GET"]}}],"collection":[{"href":"https:\/\/www.leggingbay.com\/fr\/wp-json\/wp\/v2\/product"}],"about":[{"href":"https:\/\/www.leggingbay.com\/fr\/wp-json\/wp\/v2\/types\/product"}],"replies":[{"embeddable":true,"href":"https:\/\/www.leggingbay.com\/fr\/wp-json\/wp\/v2\/comments?post=7144"}],"wp:featuredmedia":[{"embeddable":true,"href":"https:\/\/www.leggingbay.com\/fr\/wp-json\/wp\/v2\/media\/2451"}],"wp:attachment":[{"href":"https:\/\/www.leggingbay.com\/fr\/wp-json\/wp\/v2\/media?parent=7144"}],"wp:term":[{"taxonomy":"product_brand","embeddable":true,"href":"https:\/\/www.leggingbay.com\/fr\/wp-json\/wp\/v2\/product_brand?post=7144"},{"taxonomy":"product_cat","embeddable":true,"href":"https:\/\/www.leggingbay.com\/fr\/wp-json\/wp\/v2\/product_cat?post=7144"},{"taxonomy":"product_tag","embeddable":true,"href":"https:\/\/www.leggingbay.com\/fr\/wp-json\/wp\/v2\/product_tag?post=7144"}],"curies":[{"name":"wp","href":"https:\/\/api.w.org\/{rel}","templated":true}]}}