{"id":7254,"date":"2019-06-19T14:50:26","date_gmt":"2019-06-19T12:50:26","guid":{"rendered":"https:\/\/www.leggingbay.com\/legging\/womens-tree-printed-leggings\/"},"modified":"2024-12-05T12:47:13","modified_gmt":"2024-12-05T11:47:13","slug":"tree-leggings-imprimes","status":"publish","type":"product","link":"https:\/\/www.leggingbay.com\/fr\/legging\/tree-leggings-imprimes\/","title":{"rendered":"Tree | Leggings imprim\u00e9s"},"content":{"rendered":"<p>Ce legging s&rsquo;harmonisera avec la forme et le mouvement de vos jambes, gr\u00e2ce aux motifs de mouvement des racines, des arbres, des branches et des feuilles. Disponible en noir ou blanc, choisissez la subtilit\u00e9 ou l&#8217;emphase de ces leggings \u00e9lastiques pour vos s\u00e9ances de gym, yoga ou course \u00e0 pied.<\/p>\n<p><em><strong>L&rsquo;\u00e9tiquette d&rsquo;entretien n&rsquo;est pas pr\u00e9sente \u00e0 l&rsquo;int\u00e9rieur de ce legging.<\/strong> Lavage en machine \u00e0 froid. Ne pas javelliser. Ne pas nettoyer \u00e0 sec.<\/em><\/p>\n<p><strong>Longueur<\/strong> : Longueur cheville<br \/>\n<strong>Mat\u00e9riau<\/strong> : Polyester<br \/>\n<strong>Taille<\/strong> : Haute<\/p>\n","protected":false},"excerpt":{"rendered":"<p>Noir ou clair avec ces leggings imprim\u00e9s d&rsquo;arbres et de racines, disponibles en deux couleurs (noir ou blanc).<\/p>\n","protected":false},"featured_media":2462,"comment_status":"open","ping_status":"closed","template":"","meta":[],"product_brand":[],"product_cat":[135,136,179,212],"product_tag":[],"class_list":{"0":"post-7254","1":"product","2":"type-product","3":"status-publish","4":"has-post-thumbnail","6":"product_cat-leggings-blancs","7":"product_cat-leggings-imprimes","8":"product_cat-leggings-noirs","9":"product_cat-leggings-en-promo","11":"first","12":"instock","13":"sale","14":"taxable","15":"shipping-taxable","16":"purchasable","17":"product-type-variable","18":"has-default-attributes"},"_links":{"self":[{"href":"https:\/\/www.leggingbay.com\/fr\/wp-json\/wp\/v2\/product\/7254","targetHints":{"allow":["GET"]}}],"collection":[{"href":"https:\/\/www.leggingbay.com\/fr\/wp-json\/wp\/v2\/product"}],"about":[{"href":"https:\/\/www.leggingbay.com\/fr\/wp-json\/wp\/v2\/types\/product"}],"replies":[{"embeddable":true,"href":"https:\/\/www.leggingbay.com\/fr\/wp-json\/wp\/v2\/comments?post=7254"}],"wp:featuredmedia":[{"embeddable":true,"href":"https:\/\/www.leggingbay.com\/fr\/wp-json\/wp\/v2\/media\/2462"}],"wp:attachment":[{"href":"https:\/\/www.leggingbay.com\/fr\/wp-json\/wp\/v2\/media?parent=7254"}],"wp:term":[{"taxonomy":"product_brand","embeddable":true,"href":"https:\/\/www.leggingbay.com\/fr\/wp-json\/wp\/v2\/product_brand?post=7254"},{"taxonomy":"product_cat","embeddable":true,"href":"https:\/\/www.leggingbay.com\/fr\/wp-json\/wp\/v2\/product_cat?post=7254"},{"taxonomy":"product_tag","embeddable":true,"href":"https:\/\/www.leggingbay.com\/fr\/wp-json\/wp\/v2\/product_tag?post=7254"}],"curies":[{"name":"wp","href":"https:\/\/api.w.org\/{rel}","templated":true}]}}