{"id":7378,"date":"2019-06-19T14:50:23","date_gmt":"2019-06-19T12:50:23","guid":{"rendered":"https:\/\/www.leggingbay.com\/legging\/womens-newspaper-print-white-leggings\/"},"modified":"2023-03-29T12:06:31","modified_gmt":"2023-03-29T10:06:31","slug":"womens-newspaper-print-white-leggings","status":"publish","type":"product","link":"https:\/\/www.leggingbay.com\/fr\/legging\/womens-newspaper-print-white-leggings\/","title":{"rendered":"Press | Printed Leggings"},"content":{"rendered":"<p>Ce legging imprim\u00e9 en papier journal de teinte claire repr\u00e9sente une originalit\u00e9, gr\u00e2ce \u00e0 la conception de collages de journaux. Fabriqu\u00e9 en coton et spandex, il assurera confort et \u00e9lasticit\u00e9 \u00e0 la salle ou \u00e0 la maison.<\/p>\n<ul>\n<li><strong>Mat\u00e9riaux<\/strong> : Coton, Spandex<\/li>\n<li><strong>Taille<\/strong> : Milieu<\/li>\n<li><strong>Longueur<\/strong> : Longueur cheville<\/li>\n<\/ul>\n","protected":false},"excerpt":{"rendered":"<p>Apportez de l&rsquo;originalit\u00e9 \u00e0 la salle de sport avec ce legging imprim\u00e9 de papier journal.<\/p>\n","protected":false},"featured_media":2515,"comment_status":"open","ping_status":"closed","template":"","meta":[],"product_brand":[],"product_cat":[135,136],"product_tag":[],"class_list":{"0":"post-7378","1":"product","2":"type-product","3":"status-publish","4":"has-post-thumbnail","6":"product_cat-leggings-blancs","7":"product_cat-leggings-imprimes","9":"first","10":"instock","11":"taxable","12":"shipping-taxable","13":"purchasable","14":"product-type-variable","15":"has-default-attributes"},"_links":{"self":[{"href":"https:\/\/www.leggingbay.com\/fr\/wp-json\/wp\/v2\/product\/7378","targetHints":{"allow":["GET"]}}],"collection":[{"href":"https:\/\/www.leggingbay.com\/fr\/wp-json\/wp\/v2\/product"}],"about":[{"href":"https:\/\/www.leggingbay.com\/fr\/wp-json\/wp\/v2\/types\/product"}],"replies":[{"embeddable":true,"href":"https:\/\/www.leggingbay.com\/fr\/wp-json\/wp\/v2\/comments?post=7378"}],"wp:featuredmedia":[{"embeddable":true,"href":"https:\/\/www.leggingbay.com\/fr\/wp-json\/wp\/v2\/media\/2515"}],"wp:attachment":[{"href":"https:\/\/www.leggingbay.com\/fr\/wp-json\/wp\/v2\/media?parent=7378"}],"wp:term":[{"taxonomy":"product_brand","embeddable":true,"href":"https:\/\/www.leggingbay.com\/fr\/wp-json\/wp\/v2\/product_brand?post=7378"},{"taxonomy":"product_cat","embeddable":true,"href":"https:\/\/www.leggingbay.com\/fr\/wp-json\/wp\/v2\/product_cat?post=7378"},{"taxonomy":"product_tag","embeddable":true,"href":"https:\/\/www.leggingbay.com\/fr\/wp-json\/wp\/v2\/product_tag?post=7378"}],"curies":[{"name":"wp","href":"https:\/\/api.w.org\/{rel}","templated":true}]}}