{"id":7882,"date":"2019-06-19T13:39:08","date_gmt":"2019-06-19T11:39:08","guid":{"rendered":"https:\/\/www.leggingbay.com\/legging\/womens-geometrical-printed-leggings\/"},"modified":"2023-03-29T12:06:22","modified_gmt":"2023-03-29T10:06:22","slug":"ushape-leggings-geometriques-imprimes","status":"publish","type":"product","link":"https:\/\/www.leggingbay.com\/fr\/legging\/ushape-leggings-geometriques-imprimes\/","title":{"rendered":"UShape | Leggings g\u00e9om\u00e9triques imprim\u00e9s"},"content":{"rendered":"<p>Portez vos lignes avec style gr\u00e2ce aux lignes g\u00e9om\u00e9triques de ce legging imprim\u00e9. Confortable et respirant, il ne brille pas et r\u00e9siste \u00e0 l&rsquo;accroupissement du squat. Les versions bleu et rose sont top tendance !<\/p>\n<ul>\n<li><strong>Mat\u00e9riaux<\/strong> : Polyester, Spandex<\/li>\n<li><strong>Longueur<\/strong> : Longueur cheville<\/li>\n<li><strong>Taille<\/strong> : \u00c9lev\u00e9e<\/li>\n<\/ul>\n","protected":false},"excerpt":{"rendered":"<p>Faites entrer la tendance g\u00e9om\u00e9trique dans la salle de sport avec ces leggings imprim\u00e9s g\u00e9om\u00e9triques, disponibles en plusieurs couleurs (noir, bleu, rose et blanc).<\/p>\n","protected":false},"featured_media":2569,"comment_status":"open","ping_status":"closed","template":"","meta":[],"product_brand":[],"product_cat":[135,189,136,179,200],"product_tag":[],"class_list":{"0":"post-7882","1":"product","2":"type-product","3":"status-publish","4":"has-post-thumbnail","6":"product_cat-leggings-blancs","7":"product_cat-leggings-en-plusieurs-couleurs","8":"product_cat-leggings-imprimes","9":"product_cat-leggings-noirs","10":"product_cat-leggings-roses","12":"first","13":"instock","14":"taxable","15":"shipping-taxable","16":"purchasable","17":"product-type-variable","18":"has-default-attributes"},"_links":{"self":[{"href":"https:\/\/www.leggingbay.com\/fr\/wp-json\/wp\/v2\/product\/7882","targetHints":{"allow":["GET"]}}],"collection":[{"href":"https:\/\/www.leggingbay.com\/fr\/wp-json\/wp\/v2\/product"}],"about":[{"href":"https:\/\/www.leggingbay.com\/fr\/wp-json\/wp\/v2\/types\/product"}],"replies":[{"embeddable":true,"href":"https:\/\/www.leggingbay.com\/fr\/wp-json\/wp\/v2\/comments?post=7882"}],"wp:featuredmedia":[{"embeddable":true,"href":"https:\/\/www.leggingbay.com\/fr\/wp-json\/wp\/v2\/media\/2569"}],"wp:attachment":[{"href":"https:\/\/www.leggingbay.com\/fr\/wp-json\/wp\/v2\/media?parent=7882"}],"wp:term":[{"taxonomy":"product_brand","embeddable":true,"href":"https:\/\/www.leggingbay.com\/fr\/wp-json\/wp\/v2\/product_brand?post=7882"},{"taxonomy":"product_cat","embeddable":true,"href":"https:\/\/www.leggingbay.com\/fr\/wp-json\/wp\/v2\/product_cat?post=7882"},{"taxonomy":"product_tag","embeddable":true,"href":"https:\/\/www.leggingbay.com\/fr\/wp-json\/wp\/v2\/product_tag?post=7882"}],"curies":[{"name":"wp","href":"https:\/\/api.w.org\/{rel}","templated":true}]}}